{"id":1228,"date":"2023-11-21T03:43:15","date_gmt":"2023-11-21T03:43:15","guid":{"rendered":"https:\/\/clinicasandiegocucuta.com\/SanDiego\/?page_id=1228"},"modified":"2025-09-09T10:29:10","modified_gmt":"2025-09-09T15:29:10","slug":"linea-etica","status":"publish","type":"page","link":"https:\/\/clinicasandiegocucuta.com\/SanDiego\/linea-etica\/","title":{"rendered":"L\u00cdNEA \u00c9TICA"},"content":{"rendered":"\n<h2 class=\"wp-block-heading has-text-align-center\">L\u00cdNEA ANTICORRUPCI\u00d3N<\/h2>\n\n\n\n<div class=\"wp-block-columns is-layout-flex wp-container-core-columns-is-layout-1 wp-block-columns-is-layout-flex\">\n<div class=\"wp-block-column is-layout-flow wp-block-column-is-layout-flow\" style=\"flex-basis:60%\">\n<p class=\"has-white-color has-vivid-cyan-blue-background-color has-text-color has-background has-link-color has-medium-font-size wp-elements-06801e372c0f353173835a8d0d5d313a\">A trav\u00e9s de la L\u00ednea Anticorrupci\u00f3n de la Cl\u00ednica de Oftalmolog\u00eda Sandiego C\u00facuta se promueve el control, facilitando canales de comunicaci\u00f3n que permitan poner en conocimiento del responsable de la gesti\u00f3n de riesgos, de una manera confiable y segura, presuntos actos de corrupci\u00f3n, fraude u opacidad que afecten el bienestar o el buen uso de los recursos de la salud.<\/p>\n<\/div>\n\n\n\n<div class=\"wp-block-column is-layout-flow wp-block-column-is-layout-flow\" style=\"flex-basis:40%\"><div class=\"wp-block-image\">\n<figure class=\"alignleft size-full is-resized\"><img fetchpriority=\"high\" decoding=\"async\" width=\"600\" height=\"337\" src=\"https:\/\/clinicasandiegocucuta.com\/SanDiego\/wp-content\/uploads\/2023\/11\/principalpeqen-edited.jpg\" alt=\"\" class=\"wp-image-1246\" style=\"width:363px;height:auto\" srcset=\"https:\/\/clinicasandiegocucuta.com\/SanDiego\/wp-content\/uploads\/2023\/11\/principalpeqen-edited.jpg 600w, https:\/\/clinicasandiegocucuta.com\/SanDiego\/wp-content\/uploads\/2023\/11\/principalpeqen-edited-300x169.jpg 300w\" sizes=\"(max-width: 600px) 100vw, 600px\" \/><\/figure><\/div><\/div>\n<\/div>\n\n\n\n<h3 class=\"wp-block-heading\"><strong>Para dar a conocer un presunto hecho de corrupci\u00f3n, fraude u opacidad:<\/strong><\/h3>\n\n\n\n<p style=\u201dtext-align: justify;\u201d> Es importante que para una efectiva gesti\u00f3n, usted relate lo m\u00e1s ampliamente posible los hechos, indicando d\u00f3nde y cu\u00e1ndo ocurren u ocurrieron; que indique el nombre o nombres de las personas o entidades involucradas y en lo posible, haga llegar soportes o evidencias de los hechos informados.<\/p>\n\n\n\n<h3 class=\"wp-block-heading\"><strong>Protecci\u00f3n al denunciante:<\/strong><strong><\/strong><\/h3>\n\n\n\n<p> La cl\u00ednica ha implementado diferentes instrumentos para garantizar la confidencialidad frente a la identidad del denunciante. Contamos con un procedimiento interno para la atenci\u00f3n de presuntos actos de corrupci\u00f3n, que establece claramente la ruta para gestionar estas denuncias, un equipo de personas dedicados de forma exclusiva a la recepci\u00f3n y gesti\u00f3n de la informaci\u00f3n y una pol\u00edtica de seguridad de la informaci\u00f3n y de tratamiento de datos personales.<\/p>\n\n\n\n<h3 class=\"wp-block-heading\"><strong>Denuncia an\u00f3nima:<\/strong><strong><\/strong><\/h3>\n\n\n\n<p>Cualquier persona puede presentar una denuncia, sin necesidad de suministrar su informaci\u00f3n personal.<\/p>\n\n\n\n<div class=\"wp-block-columns is-layout-flex wp-container-core-columns-is-layout-2 wp-block-columns-is-layout-flex\">\n<div class=\"wp-block-column is-layout-flow wp-block-column-is-layout-flow\" style=\"flex-basis:20%\"><\/div>\n\n\n\n<div class=\"wp-block-column is-layout-flow wp-block-column-is-layout-flow\" style=\"flex-basis:60%\">\n<h3 class=\"wp-block-heading has-text-align-center has-white-color has-vivid-cyan-blue-background-color has-text-color has-background has-link-color wp-elements-b44c199d3524375695862cf84c4a84a1\"><strong>FORMULARIO DE REPORTE EN L\u00cdNEA<\/strong><\/h3>\n\n\n\n<p><strong>Informaci\u00f3n b\u00e1sica del reporte<\/strong><\/p>\n\n\n\n<p>En esta secci\u00f3n deber\u00e1 diligenciar la instituci\u00f3n donde ocurri\u00f3 el hecho a reportar y su decisi\u00f3n de pertenecer o no al anonimato en medio del reporte a realizar.<\/p>\n\n\n\n<div class=\"wp-block-contact-form-7-contact-form-selector\">\n<div class=\"wpcf7 no-js\" id=\"wpcf7-f1232-o1\" lang=\"es-ES\" dir=\"ltr\" data-wpcf7-id=\"1232\">\n<div class=\"screen-reader-response\"><p role=\"status\" aria-live=\"polite\" aria-atomic=\"true\"><\/p> <ul><\/ul><\/div>\n<form action=\"\/SanDiego\/wp-json\/wp\/v2\/pages\/1228#wpcf7-f1232-o1\" method=\"post\" class=\"wpcf7-form init\" aria-label=\"Formulario de contacto\" enctype=\"multipart\/form-data\" novalidate=\"novalidate\" data-status=\"init\">\n<fieldset class=\"hidden-fields-container\"><input type=\"hidden\" name=\"_wpcf7\" value=\"1232\" \/><input type=\"hidden\" name=\"_wpcf7_version\" value=\"6.1.1\" \/><input type=\"hidden\" name=\"_wpcf7_locale\" value=\"es_ES\" \/><input type=\"hidden\" name=\"_wpcf7_unit_tag\" value=\"wpcf7-f1232-o1\" \/><input type=\"hidden\" name=\"_wpcf7_container_post\" value=\"0\" \/><input type=\"hidden\" name=\"_wpcf7_posted_data_hash\" value=\"\" \/>\n<\/fieldset>\n<p><label>Tu correo electr\u00f3nico<br \/>\n<span class=\"wpcf7-form-control-wrap\" data-name=\"your-email\"><input size=\"40\" maxlength=\"400\" class=\"wpcf7-form-control wpcf7-email wpcf7-validates-as-required wpcf7-text wpcf7-validates-as-email\" autocomplete=\"email\" aria-required=\"true\" aria-invalid=\"false\" value=\"\" type=\"email\" name=\"your-email\" \/><\/span><br \/>\n<\/label>\n<\/p>\n<p><label>Seleccione la instituci\u00f3n en donde ocurri\u00f3 la situaci\u00f3n, hechos o circunstancias a reportar:<br \/>\n<span class=\"wpcf7-form-control-wrap\" data-name=\"sedes\"><select class=\"wpcf7-form-control wpcf7-select wpcf7-validates-as-required\" aria-required=\"true\" aria-invalid=\"false\" name=\"sedes\"><option value=\"\">&#8212;Por favor, elige una opci\u00f3n&#8212;<\/option><option value=\"Cl\u00ednica de Oftalmolog\u00eda Sandiego sede principal barrio la playa\">Cl\u00ednica de Oftalmolog\u00eda Sandiego sede principal barrio la playa<\/option><option value=\"Cl\u00ednica de Oftalmolog\u00eda Sandiego sede 2 barrio San Rafael\">Cl\u00ednica de Oftalmolog\u00eda Sandiego sede 2 barrio San Rafael<\/option><option value=\"Cl\u00ednica de Oftalmolog\u00eda Sandiego sede Oca\u00f1a barrio San Agustin\">Cl\u00ednica de Oftalmolog\u00eda Sandiego sede Oca\u00f1a barrio San Agustin<\/option><\/select><\/span><\/label>\n<\/p>\n<p><label>Tipo de denuncia:<br \/>\n<span class=\"wpcf7-form-control-wrap\" data-name=\"tipo_denuncia\"><select class=\"wpcf7-form-control wpcf7-select wpcf7-validates-as-required\" aria-required=\"true\" aria-invalid=\"false\" name=\"tipo_denuncia\"><option value=\"\">&#8212;Por favor, elige una opci\u00f3n&#8212;<\/option><option value=\"Corrupci\u00f3n\">Corrupci\u00f3n<\/option><option value=\"Opacidad\">Opacidad<\/option><option value=\"Fraude\">Fraude<\/option><option value=\"Soborno\">Soborno<\/option><option value=\"Otro\">Otro<\/option><\/select><\/span><br \/>\n<\/label>\n<\/p>\n<p><label>\u00bfCu\u00e1ndo ocurri\u00f3 la novedad?<br \/>\n<span class=\"wpcf7-form-control-wrap\" data-name=\"fecha_novedad\"><input class=\"wpcf7-form-control wpcf7-date wpcf7-validates-as-required wpcf7-validates-as-date\" min=\"2020-01-20\" max=\"2027-12-20\" aria-required=\"true\" aria-invalid=\"false\" value=\"\" type=\"date\" name=\"fecha_novedad\" \/><\/span><br \/>\n<\/label>\n<\/p>\n<p><label>\u00bfDesea mantener el anonimato en el presente reporte?<br \/>\n<span class=\"wpcf7-form-control-wrap\" data-name=\"anonimato\"><select class=\"wpcf7-form-control wpcf7-select wpcf7-validates-as-required\" aria-required=\"true\" aria-invalid=\"false\" name=\"anonimato\"><option value=\"\">&#8212;Por favor, elige una opci\u00f3n&#8212;<\/option><option value=\"SI\">SI<\/option><option value=\"NO\">NO<\/option><\/select><\/span><br \/>\n<\/label>\n<\/p>\n<p><b>Si desea mantener su anonimato NO diligencie las casillas de: NOMBRE, IDENTIFICACI\u00d3N, TEL\u00c9FONO y CORREO ELECTR\u00d3NICO.<\/b>\n<\/p>\n<p><label>Nombre y apellidos<br \/>\n<span class=\"wpcf7-form-control-wrap\" data-name=\"your-name\"><input size=\"40\" maxlength=\"400\" class=\"wpcf7-form-control wpcf7-text\" autocomplete=\"name\" aria-invalid=\"false\" value=\"\" type=\"text\" name=\"your-name\" \/><\/span><br \/>\n<\/label>\n<\/p>\n<p><label>Identificaci\u00f3n<br \/>\n<span class=\"wpcf7-form-control-wrap\" data-name=\"identificacion\"><input class=\"wpcf7-form-control wpcf7-number wpcf7-validates-as-number\" aria-invalid=\"false\" value=\"\" type=\"number\" name=\"identificacion\" \/><\/span><br \/>\n<\/label>\n<\/p>\n<p><label>Tel\u00e9fono<br \/>\n<span class=\"wpcf7-form-control-wrap\" data-name=\"telefono\"><input size=\"40\" maxlength=\"400\" class=\"wpcf7-form-control wpcf7-tel wpcf7-text wpcf7-validates-as-tel\" aria-invalid=\"false\" value=\"\" type=\"tel\" name=\"telefono\" \/><\/span><br \/>\n<\/label>\n<\/p>\n<p><label>Relacione las personas involucradas en el evento<br \/>\n<span class=\"wpcf7-form-control-wrap\" data-name=\"reporte_personas\"><textarea cols=\"40\" rows=\"10\" maxlength=\"2000\" class=\"wpcf7-form-control wpcf7-textarea wpcf7-validates-as-required\" aria-required=\"true\" aria-invalid=\"false\" placeholder=\"Ingrese aqu\u00ed los nombres de las personas involucradas\" name=\"reporte_personas\"><\/textarea><\/span><br \/>\n<\/label>\n<\/p>\n<p><b>Detalle de la situaci\u00f3n a reportar<\/b>\n<\/p>\n<p>En esta secci\u00f3n describa los detalles de la situaci\u00f3n a reportar, pero tenga cuidado de no suministrar datos que puedan revelar su identidad, a menos que desee hacerlo.\n<\/p>\n<p><span class=\"wpcf7-form-control-wrap\" data-name=\"situacion_reporte\"><textarea cols=\"40\" rows=\"10\" maxlength=\"2000\" class=\"wpcf7-form-control wpcf7-textarea wpcf7-validates-as-required\" aria-required=\"true\" aria-invalid=\"false\" placeholder=\"Describa los detalles de la situaci\u00f3n a reportar\u2026\" name=\"situacion_reporte\"><\/textarea><\/span>\n<\/p>\n<p><label>\u00bfExiste alg\u00fan riesgo para usted o para los dem\u00e1s?<br \/>\n<span class=\"wpcf7-form-control-wrap\" data-name=\"riesgo\"><select class=\"wpcf7-form-control wpcf7-select wpcf7-validates-as-required\" aria-required=\"true\" aria-invalid=\"false\" name=\"riesgo\"><option value=\"\">&#8212;Por favor, elige una opci\u00f3n&#8212;<\/option><option value=\"SI\">SI<\/option><option value=\"NO\">NO<\/option><\/select><\/span><br \/>\n<\/label>\n<\/p>\n<p><label>\u00bfHay alguien m\u00e1s con conocimiento de primera mano con quien podamos contactarnos?<br \/>\n<span class=\"wpcf7-form-control-wrap\" data-name=\"contacto_adicional\"><input size=\"40\" maxlength=\"400\" class=\"wpcf7-form-control wpcf7-text\" aria-invalid=\"false\" placeholder=\"Nombre y medio de contacto\" value=\"\" type=\"text\" name=\"contacto_adicional\" \/><\/span><br \/>\n<\/label>\n<\/p>\n<p><label>Documentaci\u00f3n (adjunte evidencia .pdf, .jpg o .doc; m\u00e1x. 10 MB por archivo)<br \/>\n<span class=\"wpcf7-form-control-wrap\" data-name=\"datos_adjuntos\"><input size=\"40\" class=\"wpcf7-form-control wpcf7-file\" accept=\".pdf,.jpg,.doc\" aria-invalid=\"false\" type=\"file\" name=\"datos_adjuntos\" \/><\/span><br \/>\n<\/label>\n<\/p>\n<p><label><br \/>\n<span class=\"wpcf7-form-control-wrap\" data-name=\"politica\"><span class=\"wpcf7-form-control wpcf7-checkbox wpcf7-validates-as-required\"><span class=\"wpcf7-list-item first last\"><label><input type=\"checkbox\" name=\"politica[]\" value=\"He le\u00eddo y acepto la pol\u00edtica de tratamiento de datos.\" \/><span class=\"wpcf7-list-item-label\">He le\u00eddo y acepto la pol\u00edtica de tratamiento de datos.<\/span><\/label><\/span><\/span><\/span><br \/>\n<\/label>\n<\/p>\n<p><br \/>\nPuedes leer la <a href=\"https:\/\/www.clinicasandiegocucuta.com\/politica-de-datos\" target=\"_blank\" rel=\"noopener\">pol\u00edtica de tratamiento de datos<\/a> completa aqu\u00ed.\n<\/p>\n<p><input class=\"wpcf7-form-control wpcf7-submit has-spinner\" type=\"submit\" value=\"Enviar\" \/>\n<\/p>\n<p>Este formulario usa Akismet para reducir el spam. <a target=\"_blank\" rel=\"nofollow noopener\" href=\"https:\/\/akismet.com\/privacy\/\">Aprende c\u00f3mo se procesan tus datos.<\/a>\n<\/p><p style=\"display: none !important;\" class=\"akismet-fields-container\" data-prefix=\"_wpcf7_ak_\"><label>&#916;<textarea name=\"_wpcf7_ak_hp_textarea\" cols=\"45\" rows=\"8\" maxlength=\"100\"><\/textarea><\/label><input type=\"hidden\" id=\"ak_js_1\" name=\"_wpcf7_ak_js\" value=\"99\"\/><script>document.getElementById( \"ak_js_1\" ).setAttribute( \"value\", ( new Date() ).getTime() );<\/script><\/p><div class=\"wpcf7-response-output\" aria-hidden=\"true\"><\/div>\n<\/form>\n<\/div>\n<\/div>\n<\/div>\n\n\n\n<div class=\"wp-block-column is-layout-flow wp-block-column-is-layout-flow\" style=\"flex-basis:20%\"><\/div>\n<\/div>\n\n\n\n<div class=\"wp-block-columns is-layout-flex wp-container-core-columns-is-layout-3 wp-block-columns-is-layout-flex\">\n<div class=\"wp-block-column is-layout-flow wp-block-column-is-layout-flow\"><\/div>\n\n\n\n<div class=\"wp-block-column is-layout-flow wp-block-column-is-layout-flow\"><\/div>\n<\/div>\n","protected":false},"excerpt":{"rendered":"<p>L\u00cdNEA ANTICORRUPCI\u00d3N A trav\u00e9s de la L\u00ednea Anticorrupci\u00f3n de la Cl\u00ednica de Oftalmolog\u00eda Sandiego C\u00facuta se promueve el control, facilitando canales de comunicaci\u00f3n que permitan&hellip;<\/p>\n","protected":false},"author":1,"featured_media":0,"parent":0,"menu_order":0,"comment_status":"closed","ping_status":"closed","template":"","meta":{"_eb_attr":"","_uag_custom_page_level_css":"","footnotes":""},"class_list":["post-1228","page","type-page","status-publish","hentry"],"uagb_featured_image_src":{"full":false,"thumbnail":false,"medium":false,"medium_large":false,"large":false,"1536x1536":false,"2048x2048":false},"uagb_author_info":{"display_name":"AdminSanDiego","author_link":"https:\/\/clinicasandiegocucuta.com\/SanDiego\/author\/adminsandiego\/"},"uagb_comment_info":0,"uagb_excerpt":"L\u00cdNEA ANTICORRUPCI\u00d3N A trav\u00e9s de la L\u00ednea Anticorrupci\u00f3n de la Cl\u00ednica de Oftalmolog\u00eda Sandiego C\u00facuta se promueve el control, facilitando canales de comunicaci\u00f3n que permitan&hellip;","_links":{"self":[{"href":"https:\/\/clinicasandiegocucuta.com\/SanDiego\/wp-json\/wp\/v2\/pages\/1228","targetHints":{"allow":["GET"]}}],"collection":[{"href":"https:\/\/clinicasandiegocucuta.com\/SanDiego\/wp-json\/wp\/v2\/pages"}],"about":[{"href":"https:\/\/clinicasandiegocucuta.com\/SanDiego\/wp-json\/wp\/v2\/types\/page"}],"author":[{"embeddable":true,"href":"https:\/\/clinicasandiegocucuta.com\/SanDiego\/wp-json\/wp\/v2\/users\/1"}],"replies":[{"embeddable":true,"href":"https:\/\/clinicasandiegocucuta.com\/SanDiego\/wp-json\/wp\/v2\/comments?post=1228"}],"version-history":[{"count":24,"href":"https:\/\/clinicasandiegocucuta.com\/SanDiego\/wp-json\/wp\/v2\/pages\/1228\/revisions"}],"predecessor-version":[{"id":2205,"href":"https:\/\/clinicasandiegocucuta.com\/SanDiego\/wp-json\/wp\/v2\/pages\/1228\/revisions\/2205"}],"wp:attachment":[{"href":"https:\/\/clinicasandiegocucuta.com\/SanDiego\/wp-json\/wp\/v2\/media?parent=1228"}],"curies":[{"name":"wp","href":"https:\/\/api.w.org\/{rel}","templated":true}]}}