{"id":1421,"date":"2024-05-14T17:00:31","date_gmt":"2024-05-14T17:00:31","guid":{"rendered":"https:\/\/clinicasandiegocucuta.com\/SanDiego\/?page_id=1421"},"modified":"2024-05-14T21:35:42","modified_gmt":"2024-05-14T21:35:42","slug":"ortoptica","status":"publish","type":"page","link":"https:\/\/clinicasandiegocucuta.com\/SanDiego\/ortoptica\/","title":{"rendered":"ortoptica"},"content":{"rendered":"\t\t<div data-elementor-type=\"wp-page\" data-elementor-id=\"1421\" class=\"elementor elementor-1421\" data-elementor-post-type=\"page\">\n\t\t\t\t\t\t<section class=\"elementor-section elementor-top-section elementor-element elementor-element-281d6cd elementor-section-full_width elementor-section-height-default elementor-section-height-default\" data-id=\"281d6cd\" data-element_type=\"section\">\n\t\t\t\t\t\t<div class=\"elementor-container elementor-column-gap-default\">\n\t\t\t\t\t<div class=\"elementor-column elementor-col-100 elementor-top-column elementor-element elementor-element-c06631c\" data-id=\"c06631c\" data-element_type=\"column\">\n\t\t\t<div class=\"elementor-widget-wrap elementor-element-populated\">\n\t\t\t\t\t\t<div class=\"elementor-element elementor-element-5e37d55 elementor-widget elementor-widget-image\" data-id=\"5e37d55\" data-element_type=\"widget\" data-widget_type=\"image.default\">\n\t\t\t\t<div class=\"elementor-widget-container\">\n\t\t\t\t\t\t\t\t\t\t\t\t\t\t\t<img fetchpriority=\"high\" decoding=\"async\" width=\"1600\" height=\"600\" src=\"https:\/\/clinicasandiegocucuta.com\/SanDiego\/wp-content\/uploads\/2024\/05\/\u00a1Ver-con-claridad-es-un-juego-de-ninos-Nuestra-ortoptica-ofrece-un-enfoque-ludico-y-efectivo-para-corregir-problemas-visuales-y-garantizar-un-futuro-lleno-de-vision-y-exito.-160.png\" class=\"attachment-full size-full wp-image-1423\" alt=\"\" srcset=\"https:\/\/clinicasandiegocucuta.com\/SanDiego\/wp-content\/uploads\/2024\/05\/\u00a1Ver-con-claridad-es-un-juego-de-ninos-Nuestra-ortoptica-ofrece-un-enfoque-ludico-y-efectivo-para-corregir-problemas-visuales-y-garantizar-un-futuro-lleno-de-vision-y-exito.-160.png 1600w, https:\/\/clinicasandiegocucuta.com\/SanDiego\/wp-content\/uploads\/2024\/05\/\u00a1Ver-con-claridad-es-un-juego-de-ninos-Nuestra-ortoptica-ofrece-un-enfoque-ludico-y-efectivo-para-corregir-problemas-visuales-y-garantizar-un-futuro-lleno-de-vision-y-exito.-160-300x113.png 300w, https:\/\/clinicasandiegocucuta.com\/SanDiego\/wp-content\/uploads\/2024\/05\/\u00a1Ver-con-claridad-es-un-juego-de-ninos-Nuestra-ortoptica-ofrece-un-enfoque-ludico-y-efectivo-para-corregir-problemas-visuales-y-garantizar-un-futuro-lleno-de-vision-y-exito.-160-1024x384.png 1024w, https:\/\/clinicasandiegocucuta.com\/SanDiego\/wp-content\/uploads\/2024\/05\/\u00a1Ver-con-claridad-es-un-juego-de-ninos-Nuestra-ortoptica-ofrece-un-enfoque-ludico-y-efectivo-para-corregir-problemas-visuales-y-garantizar-un-futuro-lleno-de-vision-y-exito.-160-768x288.png 768w, https:\/\/clinicasandiegocucuta.com\/SanDiego\/wp-content\/uploads\/2024\/05\/\u00a1Ver-con-claridad-es-un-juego-de-ninos-Nuestra-ortoptica-ofrece-un-enfoque-ludico-y-efectivo-para-corregir-problemas-visuales-y-garantizar-un-futuro-lleno-de-vision-y-exito.-160-1536x576.png 1536w\" sizes=\"(max-width: 1600px) 100vw, 1600px\" \/>\t\t\t\t\t\t\t\t\t\t\t\t\t\t\t<\/div>\n\t\t\t\t<\/div>\n\t\t\t\t\t<\/div>\n\t\t<\/div>\n\t\t\t\t\t<\/div>\n\t\t<\/section>\n\t\t\t\t<section class=\"elementor-section elementor-top-section elementor-element elementor-element-b2ef647 elementor-section-boxed elementor-section-height-default elementor-section-height-default\" data-id=\"b2ef647\" data-element_type=\"section\" data-settings=\"{&quot;background_background&quot;:&quot;classic&quot;}\">\n\t\t\t\t\t\t<div class=\"elementor-container elementor-column-gap-default\">\n\t\t\t\t\t<div class=\"elementor-column elementor-col-100 elementor-top-column elementor-element elementor-element-4cc7be6\" data-id=\"4cc7be6\" data-element_type=\"column\">\n\t\t\t<div class=\"elementor-widget-wrap elementor-element-populated\">\n\t\t\t\t\t\t<div class=\"elementor-element elementor-element-c45aabe elementor-widget elementor-widget-heading\" data-id=\"c45aabe\" data-element_type=\"widget\" data-widget_type=\"heading.default\">\n\t\t\t\t<div class=\"elementor-widget-container\">\n\t\t\t\t\t<h2 class=\"elementor-heading-title elementor-size-default\">\u00a1Descubre un mundo de posibilidades visuales para tus hijos! <\/h2>\t\t\t\t<\/div>\n\t\t\t\t<\/div>\n\t\t\t\t<div class=\"elementor-element elementor-element-746ab36 elementor-widget elementor-widget-text-editor\" data-id=\"746ab36\" data-element_type=\"widget\" data-widget_type=\"text-editor.default\">\n\t\t\t\t<div class=\"elementor-widget-container\">\n\t\t\t\t\t\t\t\t\t<h4 style=\"text-align: center;\"><span style=\"color: #ffffff;\">En la Cl\u00ednica de Oftalmolog\u00eda San Diego, ofrecemos un servicio integral de Ort\u00f3ptica para ni\u00f1os y ni\u00f1as, dise\u00f1ado para garantizar una visi\u00f3n n\u00edtida y un desarrollo visual saludable desde una edad temprana. Nuestro servicio incluye:<\/span><\/h4>\t\t\t\t\t\t\t\t<\/div>\n\t\t\t\t<\/div>\n\t\t\t\t<div class=\"elementor-element elementor-element-3a3e0ef elementor-widget elementor-widget-spacer\" data-id=\"3a3e0ef\" data-element_type=\"widget\" data-widget_type=\"spacer.default\">\n\t\t\t\t<div class=\"elementor-widget-container\">\n\t\t\t\t\t\t\t<div class=\"elementor-spacer\">\n\t\t\t<div class=\"elementor-spacer-inner\"><\/div>\n\t\t<\/div>\n\t\t\t\t\t\t<\/div>\n\t\t\t\t<\/div>\n\t\t\t\t\t<\/div>\n\t\t<\/div>\n\t\t\t\t\t<\/div>\n\t\t<\/section>\n\t\t\t\t<section class=\"elementor-section elementor-top-section elementor-element elementor-element-e216daa elementor-section-boxed elementor-section-height-default elementor-section-height-default\" data-id=\"e216daa\" data-element_type=\"section\">\n\t\t\t\t\t\t<div class=\"elementor-container elementor-column-gap-default\">\n\t\t\t\t\t<div class=\"elementor-column elementor-col-50 elementor-top-column elementor-element elementor-element-e059866\" data-id=\"e059866\" data-element_type=\"column\">\n\t\t\t<div class=\"elementor-widget-wrap elementor-element-populated\">\n\t\t\t\t\t\t<div class=\"elementor-element elementor-element-d4de9e9 elementor-position-top elementor-widget elementor-widget-image-box\" data-id=\"d4de9e9\" data-element_type=\"widget\" data-widget_type=\"image-box.default\">\n\t\t\t\t<div class=\"elementor-widget-container\">\n\t\t\t\t\t<div class=\"elementor-image-box-wrapper\"><figure class=\"elementor-image-box-img\"><img decoding=\"async\" width=\"1080\" height=\"1080\" data-src=\"https:\/\/clinicasandiegocucuta.com\/SanDiego\/wp-content\/uploads\/2024\/05\/2.jpg\" class=\"attachment-full size-full wp-image-1424 lazyload\" alt=\"\" data-srcset=\"https:\/\/clinicasandiegocucuta.com\/SanDiego\/wp-content\/uploads\/2024\/05\/2.jpg 1080w, https:\/\/clinicasandiegocucuta.com\/SanDiego\/wp-content\/uploads\/2024\/05\/2-300x300.jpg 300w, https:\/\/clinicasandiegocucuta.com\/SanDiego\/wp-content\/uploads\/2024\/05\/2-1024x1024.jpg 1024w, https:\/\/clinicasandiegocucuta.com\/SanDiego\/wp-content\/uploads\/2024\/05\/2-150x150.jpg 150w, https:\/\/clinicasandiegocucuta.com\/SanDiego\/wp-content\/uploads\/2024\/05\/2-768x768.jpg 768w\" data-sizes=\"(max-width: 1080px) 100vw, 1080px\" src=\"data:image\/svg+xml;base64,PHN2ZyB3aWR0aD0iMSIgaGVpZ2h0PSIxIiB4bWxucz0iaHR0cDovL3d3dy53My5vcmcvMjAwMC9zdmciPjwvc3ZnPg==\" style=\"--smush-placeholder-width: 1080px; --smush-placeholder-aspect-ratio: 1080\/1080;\" \/><\/figure><div class=\"elementor-image-box-content\"><h3 class=\"elementor-image-box-title\">Valoraci\u00f3n integral de ort\u00f3ptica:<\/h3><p class=\"elementor-image-box-description\"> Nuestro equipo de especialistas realiza una evaluaci\u00f3n completa para detectar y tratar problemas visuales desde su ra\u00edz.<\/p><\/div><\/div>\t\t\t\t<\/div>\n\t\t\t\t<\/div>\n\t\t\t\t<div class=\"elementor-element elementor-element-388e1ec elementor-position-top elementor-widget elementor-widget-image-box\" data-id=\"388e1ec\" data-element_type=\"widget\" data-widget_type=\"image-box.default\">\n\t\t\t\t<div class=\"elementor-widget-container\">\n\t\t\t\t\t<div class=\"elementor-image-box-wrapper\"><figure class=\"elementor-image-box-img\"><img decoding=\"async\" width=\"1080\" height=\"1080\" data-src=\"https:\/\/clinicasandiegocucuta.com\/SanDiego\/wp-content\/uploads\/2024\/05\/4.jpg\" class=\"attachment-full size-full wp-image-1426 lazyload\" alt=\"\" data-srcset=\"https:\/\/clinicasandiegocucuta.com\/SanDiego\/wp-content\/uploads\/2024\/05\/4.jpg 1080w, https:\/\/clinicasandiegocucuta.com\/SanDiego\/wp-content\/uploads\/2024\/05\/4-300x300.jpg 300w, https:\/\/clinicasandiegocucuta.com\/SanDiego\/wp-content\/uploads\/2024\/05\/4-1024x1024.jpg 1024w, https:\/\/clinicasandiegocucuta.com\/SanDiego\/wp-content\/uploads\/2024\/05\/4-150x150.jpg 150w, https:\/\/clinicasandiegocucuta.com\/SanDiego\/wp-content\/uploads\/2024\/05\/4-768x768.jpg 768w\" data-sizes=\"(max-width: 1080px) 100vw, 1080px\" src=\"data:image\/svg+xml;base64,PHN2ZyB3aWR0aD0iMSIgaGVpZ2h0PSIxIiB4bWxucz0iaHR0cDovL3d3dy53My5vcmcvMjAwMC9zdmciPjwvc3ZnPg==\" style=\"--smush-placeholder-width: 1080px; --smush-placeholder-aspect-ratio: 1080\/1080;\" \/><\/figure><div class=\"elementor-image-box-content\"><h3 class=\"elementor-image-box-title\">Valoraci\u00f3n integral de ort\u00f3ptica:<\/h3><p class=\"elementor-image-box-description\">Kit de entrenamiento: Proporcionamos herramientas e instrumentos tanto para la terapia en consultorio como para realizar actividades en casa, permitiendo un seguimiento continuo y efectivo.<\/p><\/div><\/div>\t\t\t\t<\/div>\n\t\t\t\t<\/div>\n\t\t\t\t\t<\/div>\n\t\t<\/div>\n\t\t\t\t<div class=\"elementor-column elementor-col-50 elementor-top-column elementor-element elementor-element-87ba2fe\" data-id=\"87ba2fe\" data-element_type=\"column\">\n\t\t\t<div class=\"elementor-widget-wrap elementor-element-populated\">\n\t\t\t\t\t\t<div class=\"elementor-element elementor-element-3d4cd08 elementor-position-top elementor-widget elementor-widget-image-box\" data-id=\"3d4cd08\" data-element_type=\"widget\" data-widget_type=\"image-box.default\">\n\t\t\t\t<div class=\"elementor-widget-container\">\n\t\t\t\t\t<div class=\"elementor-image-box-wrapper\"><figure class=\"elementor-image-box-img\"><img decoding=\"async\" width=\"1080\" height=\"1080\" data-src=\"https:\/\/clinicasandiegocucuta.com\/SanDiego\/wp-content\/uploads\/2024\/05\/3.jpg\" class=\"attachment-full size-full wp-image-1425 lazyload\" alt=\"\" data-srcset=\"https:\/\/clinicasandiegocucuta.com\/SanDiego\/wp-content\/uploads\/2024\/05\/3.jpg 1080w, https:\/\/clinicasandiegocucuta.com\/SanDiego\/wp-content\/uploads\/2024\/05\/3-300x300.jpg 300w, https:\/\/clinicasandiegocucuta.com\/SanDiego\/wp-content\/uploads\/2024\/05\/3-1024x1024.jpg 1024w, https:\/\/clinicasandiegocucuta.com\/SanDiego\/wp-content\/uploads\/2024\/05\/3-150x150.jpg 150w, https:\/\/clinicasandiegocucuta.com\/SanDiego\/wp-content\/uploads\/2024\/05\/3-768x768.jpg 768w\" data-sizes=\"(max-width: 1080px) 100vw, 1080px\" src=\"data:image\/svg+xml;base64,PHN2ZyB3aWR0aD0iMSIgaGVpZ2h0PSIxIiB4bWxucz0iaHR0cDovL3d3dy53My5vcmcvMjAwMC9zdmciPjwvc3ZnPg==\" style=\"--smush-placeholder-width: 1080px; --smush-placeholder-aspect-ratio: 1080\/1080;\" \/><\/figure><div class=\"elementor-image-box-content\"><h3 class=\"elementor-image-box-title\">Valoraci\u00f3n integral de ort\u00f3ptica:<\/h3><p class=\"elementor-image-box-description\">Terapias personalizadas: Desarrollamos terapias espec\u00edficas adaptadas a las necesidades individuales de cada caso, para garantizar resultados efectivos.<\/p><\/div><\/div>\t\t\t\t<\/div>\n\t\t\t\t<\/div>\n\t\t\t\t<div class=\"elementor-element elementor-element-a620623 elementor-position-top elementor-widget elementor-widget-image-box\" data-id=\"a620623\" data-element_type=\"widget\" data-widget_type=\"image-box.default\">\n\t\t\t\t<div class=\"elementor-widget-container\">\n\t\t\t\t\t<div class=\"elementor-image-box-wrapper\"><figure class=\"elementor-image-box-img\"><img decoding=\"async\" width=\"1080\" height=\"1080\" data-src=\"https:\/\/clinicasandiegocucuta.com\/SanDiego\/wp-content\/uploads\/2024\/05\/5.jpg\" class=\"attachment-full size-full wp-image-1427 lazyload\" alt=\"\" data-srcset=\"https:\/\/clinicasandiegocucuta.com\/SanDiego\/wp-content\/uploads\/2024\/05\/5.jpg 1080w, https:\/\/clinicasandiegocucuta.com\/SanDiego\/wp-content\/uploads\/2024\/05\/5-300x300.jpg 300w, https:\/\/clinicasandiegocucuta.com\/SanDiego\/wp-content\/uploads\/2024\/05\/5-1024x1024.jpg 1024w, https:\/\/clinicasandiegocucuta.com\/SanDiego\/wp-content\/uploads\/2024\/05\/5-150x150.jpg 150w, https:\/\/clinicasandiegocucuta.com\/SanDiego\/wp-content\/uploads\/2024\/05\/5-768x768.jpg 768w\" data-sizes=\"(max-width: 1080px) 100vw, 1080px\" src=\"data:image\/svg+xml;base64,PHN2ZyB3aWR0aD0iMSIgaGVpZ2h0PSIxIiB4bWxucz0iaHR0cDovL3d3dy53My5vcmcvMjAwMC9zdmciPjwvc3ZnPg==\" style=\"--smush-placeholder-width: 1080px; --smush-placeholder-aspect-ratio: 1080\/1080;\" \/><\/figure><div class=\"elementor-image-box-content\"><h3 class=\"elementor-image-box-title\">Valoraci\u00f3n integral de ort\u00f3ptica:<\/h3><p class=\"elementor-image-box-description\"><span style=\"color: rgb(0, 0, 0); font-family: -apple-system, BlinkMacSystemFont, &quot;Segoe UI&quot;, Roboto, Helvetica, Arial, sans-serif; font-size: 14px; text-align: left; white-space-collapse: collapse;\">Acceso al programa online: Te brindamos un programa interactivo donde encontrar\u00e1s detalles de cada actividad realizada en consulta, as\u00ed como recursos adicionales para complementar la terapia en casa.<\/span><\/p><\/div><\/div>\t\t\t\t<\/div>\n\t\t\t\t<\/div>\n\t\t\t\t\t<\/div>\n\t\t<\/div>\n\t\t\t\t\t<\/div>\n\t\t<\/section>\n\t\t\t\t<section class=\"elementor-section elementor-top-section elementor-element elementor-element-10d9e98 elementor-section-boxed elementor-section-height-default elementor-section-height-default\" data-id=\"10d9e98\" data-element_type=\"section\">\n\t\t\t\t\t\t<div class=\"elementor-container elementor-column-gap-default\">\n\t\t\t\t\t<div class=\"elementor-column elementor-col-33 elementor-top-column elementor-element elementor-element-51d435a\" data-id=\"51d435a\" data-element_type=\"column\">\n\t\t\t<div class=\"elementor-widget-wrap elementor-element-populated\">\n\t\t\t\t\t\t<div class=\"elementor-element elementor-element-2535695 elementor-widget__width-initial elementor-widget elementor-widget-image\" data-id=\"2535695\" data-element_type=\"widget\" data-widget_type=\"image.default\">\n\t\t\t\t<div class=\"elementor-widget-container\">\n\t\t\t\t\t\t\t\t\t\t\t\t\t\t\t<img decoding=\"async\" width=\"300\" height=\"300\" data-src=\"https:\/\/clinicasandiegocucuta.com\/SanDiego\/wp-content\/uploads\/2024\/05\/6-1-300x300.png\" class=\"attachment-medium size-medium wp-image-1432 lazyload\" alt=\"\" data-srcset=\"https:\/\/clinicasandiegocucuta.com\/SanDiego\/wp-content\/uploads\/2024\/05\/6-1-300x300.png 300w, https:\/\/clinicasandiegocucuta.com\/SanDiego\/wp-content\/uploads\/2024\/05\/6-1-1024x1024.png 1024w, https:\/\/clinicasandiegocucuta.com\/SanDiego\/wp-content\/uploads\/2024\/05\/6-1-150x150.png 150w, https:\/\/clinicasandiegocucuta.com\/SanDiego\/wp-content\/uploads\/2024\/05\/6-1-768x768.png 768w, https:\/\/clinicasandiegocucuta.com\/SanDiego\/wp-content\/uploads\/2024\/05\/6-1.png 1080w\" data-sizes=\"(max-width: 300px) 100vw, 300px\" src=\"data:image\/svg+xml;base64,PHN2ZyB3aWR0aD0iMSIgaGVpZ2h0PSIxIiB4bWxucz0iaHR0cDovL3d3dy53My5vcmcvMjAwMC9zdmciPjwvc3ZnPg==\" style=\"--smush-placeholder-width: 300px; --smush-placeholder-aspect-ratio: 300\/300;\" \/>\t\t\t\t\t\t\t\t\t\t\t\t\t\t\t<\/div>\n\t\t\t\t<\/div>\n\t\t\t\t\t<\/div>\n\t\t<\/div>\n\t\t\t\t<div class=\"elementor-column elementor-col-33 elementor-top-column elementor-element elementor-element-4bcc3ef\" data-id=\"4bcc3ef\" data-element_type=\"column\">\n\t\t\t<div class=\"elementor-widget-wrap elementor-element-populated\">\n\t\t\t\t\t\t<div class=\"elementor-element elementor-element-33cbe84 elementor-widget elementor-widget-text-editor\" data-id=\"33cbe84\" data-element_type=\"widget\" data-widget_type=\"text-editor.default\">\n\t\t\t\t<div class=\"elementor-widget-container\">\n\t\t\t\t\t\t\t\t\t<p style=\"text-align: center;\">\ud83d\udcde \u00a1Cont\u00e1ctanos ahora mismo a trav\u00e9s de<\/p><p style=\"text-align: center;\">WhatsApp al 317-5775664<\/p><p style=\"text-align: center;\">para agendar una cita y darle a tus hijos el regalo de una visi\u00f3n clara y un futuro lleno de posibilidades! \u2728<\/p>\t\t\t\t\t\t\t\t<\/div>\n\t\t\t\t<\/div>\n\t\t\t\t\t<\/div>\n\t\t<\/div>\n\t\t\t\t<div class=\"elementor-column elementor-col-33 elementor-top-column elementor-element elementor-element-2caae88\" data-id=\"2caae88\" data-element_type=\"column\">\n\t\t\t<div class=\"elementor-widget-wrap elementor-element-populated\">\n\t\t\t\t\t\t<div class=\"elementor-element elementor-element-444537f elementor-widget__width-initial elementor-widget elementor-widget-image\" data-id=\"444537f\" data-element_type=\"widget\" data-widget_type=\"image.default\">\n\t\t\t\t<div class=\"elementor-widget-container\">\n\t\t\t\t\t\t\t\t\t\t\t\t\t\t\t<img decoding=\"async\" width=\"300\" height=\"300\" data-src=\"https:\/\/clinicasandiegocucuta.com\/SanDiego\/wp-content\/uploads\/2024\/05\/7-1-300x300.png\" class=\"attachment-medium size-medium wp-image-1433 lazyload\" alt=\"\" data-srcset=\"https:\/\/clinicasandiegocucuta.com\/SanDiego\/wp-content\/uploads\/2024\/05\/7-1-300x300.png 300w, https:\/\/clinicasandiegocucuta.com\/SanDiego\/wp-content\/uploads\/2024\/05\/7-1-1024x1024.png 1024w, https:\/\/clinicasandiegocucuta.com\/SanDiego\/wp-content\/uploads\/2024\/05\/7-1-150x150.png 150w, https:\/\/clinicasandiegocucuta.com\/SanDiego\/wp-content\/uploads\/2024\/05\/7-1-768x768.png 768w, https:\/\/clinicasandiegocucuta.com\/SanDiego\/wp-content\/uploads\/2024\/05\/7-1.png 1080w\" data-sizes=\"(max-width: 300px) 100vw, 300px\" src=\"data:image\/svg+xml;base64,PHN2ZyB3aWR0aD0iMSIgaGVpZ2h0PSIxIiB4bWxucz0iaHR0cDovL3d3dy53My5vcmcvMjAwMC9zdmciPjwvc3ZnPg==\" style=\"--smush-placeholder-width: 300px; --smush-placeholder-aspect-ratio: 300\/300;\" \/>\t\t\t\t\t\t\t\t\t\t\t\t\t\t\t<\/div>\n\t\t\t\t<\/div>\n\t\t\t\t\t<\/div>\n\t\t<\/div>\n\t\t\t\t\t<\/div>\n\t\t<\/section>\n\t\t\t\t<\/div>\n\t\t","protected":false},"excerpt":{"rendered":"<p>\u00a1Descubre un mundo de posibilidades visuales para tus hijos! En la Cl\u00ednica de Oftalmolog\u00eda San Diego, ofrecemos un servicio integral de Ort\u00f3ptica para ni\u00f1os y&hellip;<\/p>\n","protected":false},"author":1,"featured_media":0,"parent":0,"menu_order":0,"comment_status":"closed","ping_status":"closed","template":"","meta":{"_eb_attr":"","_uag_custom_page_level_css":"","footnotes":""},"class_list":["post-1421","page","type-page","status-publish","hentry"],"uagb_featured_image_src":{"full":false,"thumbnail":false,"medium":false,"medium_large":false,"large":false,"1536x1536":false,"2048x2048":false},"uagb_author_info":{"display_name":"AdminSanDiego","author_link":"https:\/\/clinicasandiegocucuta.com\/SanDiego\/author\/adminsandiego\/"},"uagb_comment_info":0,"uagb_excerpt":"\u00a1Descubre un mundo de posibilidades visuales para tus hijos! En la Cl\u00ednica de Oftalmolog\u00eda San Diego, ofrecemos un servicio integral de Ort\u00f3ptica para ni\u00f1os y&hellip;","_links":{"self":[{"href":"https:\/\/clinicasandiegocucuta.com\/SanDiego\/wp-json\/wp\/v2\/pages\/1421","targetHints":{"allow":["GET"]}}],"collection":[{"href":"https:\/\/clinicasandiegocucuta.com\/SanDiego\/wp-json\/wp\/v2\/pages"}],"about":[{"href":"https:\/\/clinicasandiegocucuta.com\/SanDiego\/wp-json\/wp\/v2\/types\/page"}],"author":[{"embeddable":true,"href":"https:\/\/clinicasandiegocucuta.com\/SanDiego\/wp-json\/wp\/v2\/users\/1"}],"replies":[{"embeddable":true,"href":"https:\/\/clinicasandiegocucuta.com\/SanDiego\/wp-json\/wp\/v2\/comments?post=1421"}],"version-history":[{"count":7,"href":"https:\/\/clinicasandiegocucuta.com\/SanDiego\/wp-json\/wp\/v2\/pages\/1421\/revisions"}],"predecessor-version":[{"id":1436,"href":"https:\/\/clinicasandiegocucuta.com\/SanDiego\/wp-json\/wp\/v2\/pages\/1421\/revisions\/1436"}],"wp:attachment":[{"href":"https:\/\/clinicasandiegocucuta.com\/SanDiego\/wp-json\/wp\/v2\/media?parent=1421"}],"curies":[{"name":"wp","href":"https:\/\/api.w.org\/{rel}","templated":true}]}}