{"id":1521,"date":"2024-08-12T15:39:44","date_gmt":"2024-08-12T15:39:44","guid":{"rendered":"https:\/\/clinicasandiegocucuta.com\/SanDiego\/?page_id=1521"},"modified":"2024-08-12T16:22:24","modified_gmt":"2024-08-12T16:22:24","slug":"fonoaudiologia","status":"publish","type":"page","link":"https:\/\/clinicasandiegocucuta.com\/SanDiego\/fonoaudiologia\/","title":{"rendered":"Fonoaudiolog\u00eda"},"content":{"rendered":"\t\t<div data-elementor-type=\"wp-page\" data-elementor-id=\"1521\" class=\"elementor elementor-1521\" data-elementor-post-type=\"page\">\n\t\t\t\t\t\t<section class=\"elementor-section elementor-top-section elementor-element elementor-element-76fd762 elementor-section-boxed elementor-section-height-default elementor-section-height-default\" data-id=\"76fd762\" data-element_type=\"section\">\n\t\t\t\t\t\t<div class=\"elementor-container elementor-column-gap-default\">\n\t\t\t\t\t<div class=\"elementor-column elementor-col-100 elementor-top-column elementor-element elementor-element-8a29fee\" data-id=\"8a29fee\" data-element_type=\"column\">\n\t\t\t<div class=\"elementor-widget-wrap elementor-element-populated\">\n\t\t\t\t\t\t<div class=\"elementor-element elementor-element-dc7e9d7 elementor-widget elementor-widget-heading\" data-id=\"dc7e9d7\" data-element_type=\"widget\" data-widget_type=\"heading.default\">\n\t\t\t\t<div class=\"elementor-widget-container\">\n\t\t\t\t\t<h2 class=\"elementor-heading-title elementor-size-default\">Fonoaudiolog\u00eda<\/h2>\t\t\t\t<\/div>\n\t\t\t\t<\/div>\n\t\t\t\t\t<\/div>\n\t\t<\/div>\n\t\t\t\t\t<\/div>\n\t\t<\/section>\n\t\t\t\t<section class=\"elementor-section elementor-top-section elementor-element elementor-element-1bb84ab elementor-section-boxed elementor-section-height-default elementor-section-height-default\" data-id=\"1bb84ab\" data-element_type=\"section\">\n\t\t\t\t\t\t<div class=\"elementor-container elementor-column-gap-default\">\n\t\t\t\t\t<div class=\"elementor-column elementor-col-50 elementor-top-column elementor-element elementor-element-1bee7f9\" data-id=\"1bee7f9\" data-element_type=\"column\">\n\t\t\t<div class=\"elementor-widget-wrap elementor-element-populated\">\n\t\t\t\t\t\t<div class=\"elementor-element elementor-element-158a9d8 elementor-widget__width-initial elementor-widget elementor-widget-image\" data-id=\"158a9d8\" data-element_type=\"widget\" data-widget_type=\"image.default\">\n\t\t\t\t<div class=\"elementor-widget-container\">\n\t\t\t\t\t\t\t\t\t\t\t\t\t\t\t<img fetchpriority=\"high\" decoding=\"async\" width=\"843\" height=\"563\" src=\"https:\/\/clinicasandiegocucuta.com\/SanDiego\/wp-content\/uploads\/2024\/08\/MA1_4694-1024x684.jpg\" class=\"attachment-large size-large wp-image-1532\" alt=\"\" srcset=\"https:\/\/clinicasandiegocucuta.com\/SanDiego\/wp-content\/uploads\/2024\/08\/MA1_4694-1024x684.jpg 1024w, https:\/\/clinicasandiegocucuta.com\/SanDiego\/wp-content\/uploads\/2024\/08\/MA1_4694-300x200.jpg 300w, https:\/\/clinicasandiegocucuta.com\/SanDiego\/wp-content\/uploads\/2024\/08\/MA1_4694-768x513.jpg 768w, https:\/\/clinicasandiegocucuta.com\/SanDiego\/wp-content\/uploads\/2024\/08\/MA1_4694-1536x1025.jpg 1536w, https:\/\/clinicasandiegocucuta.com\/SanDiego\/wp-content\/uploads\/2024\/08\/MA1_4694.jpg 2000w\" sizes=\"(max-width: 843px) 100vw, 843px\" \/>\t\t\t\t\t\t\t\t\t\t\t\t\t\t\t<\/div>\n\t\t\t\t<\/div>\n\t\t\t\t\t<\/div>\n\t\t<\/div>\n\t\t\t\t<div class=\"elementor-column elementor-col-50 elementor-top-column elementor-element elementor-element-e1133f2\" data-id=\"e1133f2\" data-element_type=\"column\">\n\t\t\t<div class=\"elementor-widget-wrap elementor-element-populated\">\n\t\t\t\t\t\t<div class=\"elementor-element elementor-element-5b9c0af elementor-widget elementor-widget-text-editor\" data-id=\"5b9c0af\" data-element_type=\"widget\" data-widget_type=\"text-editor.default\">\n\t\t\t\t<div class=\"elementor-widget-container\">\n\t\t\t\t\t\t\t\t\t<h4>En la Cl\u00ednica de Oftalmolog\u00eda San Diego, nos preocupamos por el bienestar integral de nuestros pacientes. Por ello, hemos desarrollado una unidad especializada en Fonoaudiolog\u00eda, dise\u00f1ada para brindar atenci\u00f3n y tratamiento en \u00e1reas esenciales como la voz, la motricidad orofacial, y la disfagia. Contamos con un equipo de profesionales altamente capacitados, liderado por la Dra. \u00c1ngela Daniela Mej\u00eda Acevedo, quien posee una amplia experiencia en la rehabilitaci\u00f3n de estas \u00e1reas, utilizando t\u00e9cnicas avanzadas y tecnolog\u00eda de vanguardia.<\/h4>\t\t\t\t\t\t\t\t<\/div>\n\t\t\t\t<\/div>\n\t\t\t\t\t<\/div>\n\t\t<\/div>\n\t\t\t\t\t<\/div>\n\t\t<\/section>\n\t\t\t\t<section class=\"elementor-section elementor-top-section elementor-element elementor-element-32be98d elementor-section-boxed elementor-section-height-default elementor-section-height-default\" data-id=\"32be98d\" data-element_type=\"section\">\n\t\t\t\t\t\t<div class=\"elementor-container elementor-column-gap-default\">\n\t\t\t\t\t<div class=\"elementor-column elementor-col-100 elementor-top-column elementor-element elementor-element-c677a7d\" data-id=\"c677a7d\" data-element_type=\"column\">\n\t\t\t<div class=\"elementor-widget-wrap elementor-element-populated\">\n\t\t\t\t\t\t<div class=\"elementor-element elementor-element-ca6bd1b elementor-widget elementor-widget-spacer\" data-id=\"ca6bd1b\" data-element_type=\"widget\" data-widget_type=\"spacer.default\">\n\t\t\t\t<div class=\"elementor-widget-container\">\n\t\t\t\t\t\t\t<div class=\"elementor-spacer\">\n\t\t\t<div class=\"elementor-spacer-inner\"><\/div>\n\t\t<\/div>\n\t\t\t\t\t\t<\/div>\n\t\t\t\t<\/div>\n\t\t\t\t<div class=\"elementor-element elementor-element-badd7ad elementor-widget elementor-widget-heading\" data-id=\"badd7ad\" data-element_type=\"widget\" data-widget_type=\"heading.default\">\n\t\t\t\t<div class=\"elementor-widget-container\">\n\t\t\t\t\t<h2 class=\"elementor-heading-title elementor-size-default\">Nuestros Servicios<\/h2>\t\t\t\t<\/div>\n\t\t\t\t<\/div>\n\t\t\t\t\t<\/div>\n\t\t<\/div>\n\t\t\t\t\t<\/div>\n\t\t<\/section>\n\t\t\t\t<section class=\"elementor-section elementor-top-section elementor-element elementor-element-892f990 elementor-section-boxed elementor-section-height-default elementor-section-height-default\" data-id=\"892f990\" data-element_type=\"section\">\n\t\t\t\t\t\t<div class=\"elementor-container elementor-column-gap-default\">\n\t\t\t\t\t<div class=\"elementor-column elementor-col-25 elementor-top-column elementor-element elementor-element-b4c2602\" data-id=\"b4c2602\" data-element_type=\"column\">\n\t\t\t<div class=\"elementor-widget-wrap elementor-element-populated\">\n\t\t\t\t\t\t<div class=\"elementor-element elementor-element-50230ed elementor-position-top elementor-widget elementor-widget-image-box\" data-id=\"50230ed\" data-element_type=\"widget\" data-widget_type=\"image-box.default\">\n\t\t\t\t<div class=\"elementor-widget-container\">\n\t\t\t\t\t<div class=\"elementor-image-box-wrapper\"><figure class=\"elementor-image-box-img\"><img decoding=\"async\" width=\"1920\" height=\"1557\" data-src=\"https:\/\/clinicasandiegocucuta.com\/SanDiego\/wp-content\/uploads\/2024\/08\/IMG_20240803_121514-scaled-e1723474592177.jpg\" class=\"attachment-full size-full wp-image-1543 lazyload\" alt=\"\" data-srcset=\"https:\/\/clinicasandiegocucuta.com\/SanDiego\/wp-content\/uploads\/2024\/08\/IMG_20240803_121514-scaled-e1723474592177.jpg 1920w, https:\/\/clinicasandiegocucuta.com\/SanDiego\/wp-content\/uploads\/2024\/08\/IMG_20240803_121514-scaled-e1723474592177-300x243.jpg 300w, https:\/\/clinicasandiegocucuta.com\/SanDiego\/wp-content\/uploads\/2024\/08\/IMG_20240803_121514-scaled-e1723474592177-1024x830.jpg 1024w, https:\/\/clinicasandiegocucuta.com\/SanDiego\/wp-content\/uploads\/2024\/08\/IMG_20240803_121514-scaled-e1723474592177-768x623.jpg 768w, https:\/\/clinicasandiegocucuta.com\/SanDiego\/wp-content\/uploads\/2024\/08\/IMG_20240803_121514-scaled-e1723474592177-1536x1246.jpg 1536w\" data-sizes=\"(max-width: 1920px) 100vw, 1920px\" src=\"data:image\/svg+xml;base64,PHN2ZyB3aWR0aD0iMSIgaGVpZ2h0PSIxIiB4bWxucz0iaHR0cDovL3d3dy53My5vcmcvMjAwMC9zdmciPjwvc3ZnPg==\" style=\"--smush-placeholder-width: 1920px; --smush-placeholder-aspect-ratio: 1920\/1557;\" \/><\/figure><div class=\"elementor-image-box-content\"><h3 class=\"elementor-image-box-title\">Rehabilitaci\u00f3n de la Voz y Disfon\u00edas<\/h3><p class=\"elementor-image-box-description\">Tratamientos especializados para pacientes con alteraciones en la voz, como disfon\u00edas cr\u00f3nicas o dificultades postquir\u00fargicas en cirug\u00edas de cabeza y cuello. Nos enfocamos en la recuperaci\u00f3n de la calidad vocal, vital para profesionales como docentes, cantantes, y otros que dependen de su voz para su desempe\u00f1o laboral.<\/p><\/div><\/div>\t\t\t\t<\/div>\n\t\t\t\t<\/div>\n\t\t\t\t\t<\/div>\n\t\t<\/div>\n\t\t\t\t<div class=\"elementor-column elementor-col-25 elementor-top-column elementor-element elementor-element-884a958\" data-id=\"884a958\" data-element_type=\"column\">\n\t\t\t<div class=\"elementor-widget-wrap elementor-element-populated\">\n\t\t\t\t\t\t<div class=\"elementor-element elementor-element-0d2ed80 elementor-position-top elementor-widget elementor-widget-image-box\" data-id=\"0d2ed80\" data-element_type=\"widget\" data-widget_type=\"image-box.default\">\n\t\t\t\t<div class=\"elementor-widget-container\">\n\t\t\t\t\t<div class=\"elementor-image-box-wrapper\"><figure class=\"elementor-image-box-img\"><img decoding=\"async\" width=\"2000\" height=\"1335\" data-src=\"https:\/\/clinicasandiegocucuta.com\/SanDiego\/wp-content\/uploads\/2024\/08\/edita.jpg\" class=\"attachment-full size-full wp-image-1539 lazyload\" alt=\"\" data-srcset=\"https:\/\/clinicasandiegocucuta.com\/SanDiego\/wp-content\/uploads\/2024\/08\/edita.jpg 2000w, https:\/\/clinicasandiegocucuta.com\/SanDiego\/wp-content\/uploads\/2024\/08\/edita-300x200.jpg 300w, https:\/\/clinicasandiegocucuta.com\/SanDiego\/wp-content\/uploads\/2024\/08\/edita-1024x684.jpg 1024w, https:\/\/clinicasandiegocucuta.com\/SanDiego\/wp-content\/uploads\/2024\/08\/edita-768x513.jpg 768w, https:\/\/clinicasandiegocucuta.com\/SanDiego\/wp-content\/uploads\/2024\/08\/edita-1536x1025.jpg 1536w\" data-sizes=\"(max-width: 2000px) 100vw, 2000px\" src=\"data:image\/svg+xml;base64,PHN2ZyB3aWR0aD0iMSIgaGVpZ2h0PSIxIiB4bWxucz0iaHR0cDovL3d3dy53My5vcmcvMjAwMC9zdmciPjwvc3ZnPg==\" style=\"--smush-placeholder-width: 2000px; --smush-placeholder-aspect-ratio: 2000\/1335;\" \/><\/figure><div class=\"elementor-image-box-content\"><h3 class=\"elementor-image-box-title\">Motricidad Orofacial y Disfagia<\/h3><p class=\"elementor-image-box-description\">Evaluaci\u00f3n y tratamiento de trastornos que afectan la capacidad de masticar, tragar y hablar, especialmente en pacientes post-intubaci\u00f3n, con traqueotom\u00edas, o que han sido sometidos a cirug\u00edas maxilofaciales. Utilizamos terapias innovadoras como la terapia con ultrasonido para mejorar la movilidad y funcionalidad orofacial.<\/p><\/div><\/div>\t\t\t\t<\/div>\n\t\t\t\t<\/div>\n\t\t\t\t\t<\/div>\n\t\t<\/div>\n\t\t\t\t<div class=\"elementor-column elementor-col-25 elementor-top-column elementor-element elementor-element-d7d9145\" data-id=\"d7d9145\" data-element_type=\"column\">\n\t\t\t<div class=\"elementor-widget-wrap elementor-element-populated\">\n\t\t\t\t\t\t<div class=\"elementor-element elementor-element-3b92a2a elementor-position-top elementor-widget elementor-widget-image-box\" data-id=\"3b92a2a\" data-element_type=\"widget\" data-widget_type=\"image-box.default\">\n\t\t\t\t<div class=\"elementor-widget-container\">\n\t\t\t\t\t<div class=\"elementor-image-box-wrapper\"><figure class=\"elementor-image-box-img\"><img decoding=\"async\" width=\"2000\" height=\"1335\" data-src=\"https:\/\/clinicasandiegocucuta.com\/SanDiego\/wp-content\/uploads\/2024\/08\/MA1_4702.jpg\" class=\"attachment-full size-full wp-image-1533 lazyload\" alt=\"\" data-srcset=\"https:\/\/clinicasandiegocucuta.com\/SanDiego\/wp-content\/uploads\/2024\/08\/MA1_4702.jpg 2000w, https:\/\/clinicasandiegocucuta.com\/SanDiego\/wp-content\/uploads\/2024\/08\/MA1_4702-300x200.jpg 300w, https:\/\/clinicasandiegocucuta.com\/SanDiego\/wp-content\/uploads\/2024\/08\/MA1_4702-1024x684.jpg 1024w, https:\/\/clinicasandiegocucuta.com\/SanDiego\/wp-content\/uploads\/2024\/08\/MA1_4702-768x513.jpg 768w, https:\/\/clinicasandiegocucuta.com\/SanDiego\/wp-content\/uploads\/2024\/08\/MA1_4702-1536x1025.jpg 1536w\" data-sizes=\"(max-width: 2000px) 100vw, 2000px\" src=\"data:image\/svg+xml;base64,PHN2ZyB3aWR0aD0iMSIgaGVpZ2h0PSIxIiB4bWxucz0iaHR0cDovL3d3dy53My5vcmcvMjAwMC9zdmciPjwvc3ZnPg==\" style=\"--smush-placeholder-width: 2000px; --smush-placeholder-aspect-ratio: 2000\/1335;\" \/><\/figure><div class=\"elementor-image-box-content\"><h3 class=\"elementor-image-box-title\">Terapia con Neurotecnolog\u00eda Avanzada<\/h3><p class=\"elementor-image-box-description\">Empleamos t\u00e9cnicas de \u00faltima generaci\u00f3n como la fotobiomodulaci\u00f3n transcraneal con l\u00e1ser, electroestimulaci\u00f3n y terapia l\u00e1ser, para el tratamiento de disfon\u00edas y la intervenci\u00f3n neurol\u00f3gica en pacientes con secuelas de accidentes cerebrovasculares o traumas craneoencef\u00e1licos. Estas tecnolog\u00edas favorecen la neuroplasticidad, promoviendo una recuperaci\u00f3n m\u00e1s r\u00e1pida y efectiva.<\/p><\/div><\/div>\t\t\t\t<\/div>\n\t\t\t\t<\/div>\n\t\t\t\t\t<\/div>\n\t\t<\/div>\n\t\t\t\t<div class=\"elementor-column elementor-col-25 elementor-top-column elementor-element elementor-element-67b5359\" data-id=\"67b5359\" data-element_type=\"column\">\n\t\t\t<div class=\"elementor-widget-wrap elementor-element-populated\">\n\t\t\t\t\t\t<div class=\"elementor-element elementor-element-afdb67a elementor-position-top elementor-widget elementor-widget-image-box\" data-id=\"afdb67a\" data-element_type=\"widget\" data-widget_type=\"image-box.default\">\n\t\t\t\t<div class=\"elementor-widget-container\">\n\t\t\t\t\t<div class=\"elementor-image-box-wrapper\"><figure class=\"elementor-image-box-img\"><img decoding=\"async\" width=\"2000\" height=\"1335\" data-src=\"https:\/\/clinicasandiegocucuta.com\/SanDiego\/wp-content\/uploads\/2024\/08\/MA1_4768.jpg\" class=\"attachment-full size-full wp-image-1536 lazyload\" alt=\"\" data-srcset=\"https:\/\/clinicasandiegocucuta.com\/SanDiego\/wp-content\/uploads\/2024\/08\/MA1_4768.jpg 2000w, https:\/\/clinicasandiegocucuta.com\/SanDiego\/wp-content\/uploads\/2024\/08\/MA1_4768-300x200.jpg 300w, https:\/\/clinicasandiegocucuta.com\/SanDiego\/wp-content\/uploads\/2024\/08\/MA1_4768-1024x684.jpg 1024w, https:\/\/clinicasandiegocucuta.com\/SanDiego\/wp-content\/uploads\/2024\/08\/MA1_4768-768x513.jpg 768w, https:\/\/clinicasandiegocucuta.com\/SanDiego\/wp-content\/uploads\/2024\/08\/MA1_4768-1536x1025.jpg 1536w\" data-sizes=\"(max-width: 2000px) 100vw, 2000px\" src=\"data:image\/svg+xml;base64,PHN2ZyB3aWR0aD0iMSIgaGVpZ2h0PSIxIiB4bWxucz0iaHR0cDovL3d3dy53My5vcmcvMjAwMC9zdmciPjwvc3ZnPg==\" style=\"--smush-placeholder-width: 2000px; --smush-placeholder-aspect-ratio: 2000\/1335;\" \/><\/figure><div class=\"elementor-image-box-content\"><h3 class=\"elementor-image-box-title\">Rehabilitaci\u00f3n de Pacientes con Deterioro Cognitivo:<\/h3><p class=\"elementor-image-box-description\">Trabajamos con pacientes mayores que presentan deterioro cognitivo, utilizando terapias que integran el sistema nervioso central para mejorar la comunicaci\u00f3n, la capacidad de degluci\u00f3n, y la funci\u00f3n vocal. Nuestro enfoque se centra en mejorar la calidad de vida y la independencia funcional de estos pacientes..<\/p><\/div><\/div>\t\t\t\t<\/div>\n\t\t\t\t<\/div>\n\t\t\t\t\t<\/div>\n\t\t<\/div>\n\t\t\t\t\t<\/div>\n\t\t<\/section>\n\t\t\t\t<section class=\"elementor-section elementor-top-section elementor-element elementor-element-e35a9fd elementor-section-boxed elementor-section-height-default elementor-section-height-default\" data-id=\"e35a9fd\" data-element_type=\"section\">\n\t\t\t\t\t\t<div class=\"elementor-container elementor-column-gap-default\">\n\t\t\t\t\t<div class=\"elementor-column elementor-col-100 elementor-top-column elementor-element elementor-element-4798b09\" data-id=\"4798b09\" data-element_type=\"column\">\n\t\t\t<div class=\"elementor-widget-wrap elementor-element-populated\">\n\t\t\t\t\t\t<div class=\"elementor-element elementor-element-3e7059f elementor-widget elementor-widget-spacer\" data-id=\"3e7059f\" data-element_type=\"widget\" data-widget_type=\"spacer.default\">\n\t\t\t\t<div class=\"elementor-widget-container\">\n\t\t\t\t\t\t\t<div class=\"elementor-spacer\">\n\t\t\t<div class=\"elementor-spacer-inner\"><\/div>\n\t\t<\/div>\n\t\t\t\t\t\t<\/div>\n\t\t\t\t<\/div>\n\t\t\t\t\t<\/div>\n\t\t<\/div>\n\t\t\t\t\t<\/div>\n\t\t<\/section>\n\t\t\t\t<section class=\"elementor-section elementor-top-section elementor-element elementor-element-24e6727 elementor-section-boxed elementor-section-height-default elementor-section-height-default\" data-id=\"24e6727\" data-element_type=\"section\">\n\t\t\t\t\t\t<div class=\"elementor-container elementor-column-gap-default\">\n\t\t\t\t\t<div class=\"elementor-column elementor-col-100 elementor-top-column elementor-element elementor-element-ead1ff4\" data-id=\"ead1ff4\" data-element_type=\"column\">\n\t\t\t<div class=\"elementor-widget-wrap elementor-element-populated\">\n\t\t\t\t\t\t<div class=\"elementor-element elementor-element-fa97796 elementor-widget elementor-widget-heading\" data-id=\"fa97796\" data-element_type=\"widget\" data-widget_type=\"heading.default\">\n\t\t\t\t<div class=\"elementor-widget-container\">\n\t\t\t\t\t<h2 class=\"elementor-heading-title elementor-size-default\">Nuestro Compromiso<\/h2>\t\t\t\t<\/div>\n\t\t\t\t<\/div>\n\t\t\t\t\t<\/div>\n\t\t<\/div>\n\t\t\t\t\t<\/div>\n\t\t<\/section>\n\t\t\t\t<section class=\"elementor-section elementor-top-section elementor-element elementor-element-3a1dea7 elementor-section-boxed elementor-section-height-default elementor-section-height-default\" data-id=\"3a1dea7\" data-element_type=\"section\" data-settings=\"{&quot;background_background&quot;:&quot;gradient&quot;}\">\n\t\t\t\t\t\t<div class=\"elementor-container elementor-column-gap-default\">\n\t\t\t\t\t<div class=\"elementor-column elementor-col-50 elementor-top-column elementor-element elementor-element-6c7b527\" data-id=\"6c7b527\" data-element_type=\"column\">\n\t\t\t<div class=\"elementor-widget-wrap elementor-element-populated\">\n\t\t\t\t\t\t<div class=\"elementor-element elementor-element-10c2d4d elementor-widget elementor-widget-image\" data-id=\"10c2d4d\" data-element_type=\"widget\" data-widget_type=\"image.default\">\n\t\t\t\t<div class=\"elementor-widget-container\">\n\t\t\t\t\t\t\t\t\t\t\t\t\t\t\t<img decoding=\"async\" width=\"819\" height=\"1024\" data-src=\"https:\/\/clinicasandiegocucuta.com\/SanDiego\/wp-content\/uploads\/2024\/08\/dra2-819x1024.png\" class=\"attachment-large size-large wp-image-1550 lazyload\" alt=\"\" data-srcset=\"https:\/\/clinicasandiegocucuta.com\/SanDiego\/wp-content\/uploads\/2024\/08\/dra2-819x1024.png 819w, https:\/\/clinicasandiegocucuta.com\/SanDiego\/wp-content\/uploads\/2024\/08\/dra2-240x300.png 240w, https:\/\/clinicasandiegocucuta.com\/SanDiego\/wp-content\/uploads\/2024\/08\/dra2-768x960.png 768w, https:\/\/clinicasandiegocucuta.com\/SanDiego\/wp-content\/uploads\/2024\/08\/dra2.png 1080w\" data-sizes=\"(max-width: 819px) 100vw, 819px\" src=\"data:image\/svg+xml;base64,PHN2ZyB3aWR0aD0iMSIgaGVpZ2h0PSIxIiB4bWxucz0iaHR0cDovL3d3dy53My5vcmcvMjAwMC9zdmciPjwvc3ZnPg==\" style=\"--smush-placeholder-width: 819px; --smush-placeholder-aspect-ratio: 819\/1024;\" \/>\t\t\t\t\t\t\t\t\t\t\t\t\t\t\t<\/div>\n\t\t\t\t<\/div>\n\t\t\t\t\t<\/div>\n\t\t<\/div>\n\t\t\t\t<div class=\"elementor-column elementor-col-50 elementor-top-column elementor-element elementor-element-c807cc4\" data-id=\"c807cc4\" data-element_type=\"column\">\n\t\t\t<div class=\"elementor-widget-wrap elementor-element-populated\">\n\t\t\t\t\t\t<div class=\"elementor-element elementor-element-e6a293a elementor-widget elementor-widget-text-editor\" data-id=\"e6a293a\" data-element_type=\"widget\" data-widget_type=\"text-editor.default\">\n\t\t\t\t<div class=\"elementor-widget-container\">\n\t\t\t\t\t\t\t\t\t<h3>En la Cl\u00ednica de Oftalmolog\u00eda San Diego, estamos comprometidos con la salud integral de nuestros pacientes. La atenci\u00f3n personalizada, el uso de tecnolog\u00edas avanzadas, y la actualizaci\u00f3n constante de nuestros profesionales, nos permiten ofrecer un servicio de fonoaudiolog\u00eda que se adapta a las necesidades individuales de cada paciente.<\/h3><h3><strong>\u00bfNecesitas una evaluaci\u00f3n o tratamiento en fonoaudiolog\u00eda?<\/strong> Cont\u00e1ctanos y agenda tu cita con nuestros expertos. Estamos aqu\u00ed para ayudarte a recuperar tu bienestar y calidad de vida.<\/h3>\t\t\t\t\t\t\t\t<\/div>\n\t\t\t\t<\/div>\n\t\t\t\t\t<\/div>\n\t\t<\/div>\n\t\t\t\t\t<\/div>\n\t\t<\/section>\n\t\t\t\t<\/div>\n\t\t","protected":false},"excerpt":{"rendered":"<p>Fonoaudiolog\u00eda En la Cl\u00ednica de Oftalmolog\u00eda San Diego, nos preocupamos por el bienestar integral de nuestros pacientes. Por ello, hemos desarrollado una unidad especializada en&hellip;<\/p>\n","protected":false},"author":1,"featured_media":0,"parent":0,"menu_order":0,"comment_status":"closed","ping_status":"closed","template":"","meta":{"_eb_attr":"","_uag_custom_page_level_css":"","footnotes":""},"class_list":["post-1521","page","type-page","status-publish","hentry"],"uagb_featured_image_src":{"full":false,"thumbnail":false,"medium":false,"medium_large":false,"large":false,"1536x1536":false,"2048x2048":false},"uagb_author_info":{"display_name":"AdminSanDiego","author_link":"https:\/\/clinicasandiegocucuta.com\/SanDiego\/author\/adminsandiego\/"},"uagb_comment_info":0,"uagb_excerpt":"Fonoaudiolog\u00eda En la Cl\u00ednica de Oftalmolog\u00eda San Diego, nos preocupamos por el bienestar integral de nuestros pacientes. Por ello, hemos desarrollado una unidad especializada en&hellip;","_links":{"self":[{"href":"https:\/\/clinicasandiegocucuta.com\/SanDiego\/wp-json\/wp\/v2\/pages\/1521","targetHints":{"allow":["GET"]}}],"collection":[{"href":"https:\/\/clinicasandiegocucuta.com\/SanDiego\/wp-json\/wp\/v2\/pages"}],"about":[{"href":"https:\/\/clinicasandiegocucuta.com\/SanDiego\/wp-json\/wp\/v2\/types\/page"}],"author":[{"embeddable":true,"href":"https:\/\/clinicasandiegocucuta.com\/SanDiego\/wp-json\/wp\/v2\/users\/1"}],"replies":[{"embeddable":true,"href":"https:\/\/clinicasandiegocucuta.com\/SanDiego\/wp-json\/wp\/v2\/comments?post=1521"}],"version-history":[{"count":8,"href":"https:\/\/clinicasandiegocucuta.com\/SanDiego\/wp-json\/wp\/v2\/pages\/1521\/revisions"}],"predecessor-version":[{"id":1553,"href":"https:\/\/clinicasandiegocucuta.com\/SanDiego\/wp-json\/wp\/v2\/pages\/1521\/revisions\/1553"}],"wp:attachment":[{"href":"https:\/\/clinicasandiegocucuta.com\/SanDiego\/wp-json\/wp\/v2\/media?parent=1521"}],"curies":[{"name":"wp","href":"https:\/\/api.w.org\/{rel}","templated":true}]}}