{"id":1689,"date":"2024-10-15T12:41:25","date_gmt":"2024-10-15T12:41:25","guid":{"rendered":"https:\/\/clinicasandiegocucuta.com\/SanDiego\/?page_id=1689"},"modified":"2024-10-15T12:41:27","modified_gmt":"2024-10-15T12:41:27","slug":"servicios-para-afiliados-del-fondo-de-prestaciones-sociales-del-magisterio-fomag","status":"publish","type":"page","link":"https:\/\/clinicasandiegocucuta.com\/SanDiego\/servicios-para-afiliados-del-fondo-de-prestaciones-sociales-del-magisterio-fomag\/","title":{"rendered":"Servicios para Afiliados del Fondo de Prestaciones Sociales del Magisterio (FOMAG)"},"content":{"rendered":"\n<figure class=\"wp-block-image size-large\"><img fetchpriority=\"high\" decoding=\"async\" width=\"819\" height=\"1024\" src=\"https:\/\/clinicasandiegocucuta.com\/SanDiego\/wp-content\/uploads\/2024\/10\/actualizado-819x1024.jpg\" alt=\"\" class=\"wp-image-1692\" srcset=\"https:\/\/clinicasandiegocucuta.com\/SanDiego\/wp-content\/uploads\/2024\/10\/actualizado-819x1024.jpg 819w, https:\/\/clinicasandiegocucuta.com\/SanDiego\/wp-content\/uploads\/2024\/10\/actualizado-240x300.jpg 240w, https:\/\/clinicasandiegocucuta.com\/SanDiego\/wp-content\/uploads\/2024\/10\/actualizado-768x960.jpg 768w, https:\/\/clinicasandiegocucuta.com\/SanDiego\/wp-content\/uploads\/2024\/10\/actualizado.jpg 1080w\" sizes=\"(max-width: 819px) 100vw, 819px\" \/><\/figure>\n\n\n\n<p>Nos complace anunciar a toda la comunidad educativa del Magisterio que, en la Cl\u00ednica de Oftalmolog\u00eda San Diego, ahora ofrecemos una amplia gama de servicios especializados para los afiliados del FOMAG en Norte de Santander.<\/p>\n\n\n\n<p>&#x1f539; <strong>Nuestros servicios incluyen:<\/strong><\/p>\n\n\n\n<ul class=\"wp-block-list\">\n<li>Oftalmolog\u00eda<\/li>\n\n\n\n<li>Otorrinolaringolog\u00eda<\/li>\n\n\n\n<li>Optometr\u00eda<\/li>\n\n\n\n<li>\u00d3ptica<\/li>\n\n\n\n<li><strong>Nuevo servicio de Fonoaudiolog\u00eda<\/strong><\/li>\n<\/ul>\n\n\n\n<p>Podr\u00e1s acceder a estos servicios en nuestras sedes ubicadas estrat\u00e9gicamente en C\u00facuta y Oca\u00f1a, brindando atenci\u00f3n cercana y de alta calidad.<\/p>\n\n\n\n<p>En la Cl\u00ednica San Diego, estamos comprometidos con tu bienestar, trabajando juntos para garantizar una atenci\u00f3n m\u00e9dica de excelencia que promueva la salud visual y auditiva de toda la comunidad educativa.<\/p>\n\n\n\n<p>\u00a1Tu salud es nuestra prioridad!<\/p>\n","protected":false},"excerpt":{"rendered":"<p>Nos complace anunciar a toda la comunidad educativa del Magisterio que, en la Cl\u00ednica de Oftalmolog\u00eda San Diego, ahora ofrecemos una amplia gama de servicios&hellip;<\/p>\n","protected":false},"author":1,"featured_media":0,"parent":0,"menu_order":0,"comment_status":"closed","ping_status":"closed","template":"","meta":{"_eb_attr":"","_uag_custom_page_level_css":"","footnotes":""},"class_list":["post-1689","page","type-page","status-publish","hentry"],"uagb_featured_image_src":{"full":false,"thumbnail":false,"medium":false,"medium_large":false,"large":false,"1536x1536":false,"2048x2048":false},"uagb_author_info":{"display_name":"AdminSanDiego","author_link":"https:\/\/clinicasandiegocucuta.com\/SanDiego\/author\/adminsandiego\/"},"uagb_comment_info":0,"uagb_excerpt":"Nos complace anunciar a toda la comunidad educativa del Magisterio que, en la Cl\u00ednica de Oftalmolog\u00eda San Diego, ahora ofrecemos una amplia gama de servicios&hellip;","_links":{"self":[{"href":"https:\/\/clinicasandiegocucuta.com\/SanDiego\/wp-json\/wp\/v2\/pages\/1689","targetHints":{"allow":["GET"]}}],"collection":[{"href":"https:\/\/clinicasandiegocucuta.com\/SanDiego\/wp-json\/wp\/v2\/pages"}],"about":[{"href":"https:\/\/clinicasandiegocucuta.com\/SanDiego\/wp-json\/wp\/v2\/types\/page"}],"author":[{"embeddable":true,"href":"https:\/\/clinicasandiegocucuta.com\/SanDiego\/wp-json\/wp\/v2\/users\/1"}],"replies":[{"embeddable":true,"href":"https:\/\/clinicasandiegocucuta.com\/SanDiego\/wp-json\/wp\/v2\/comments?post=1689"}],"version-history":[{"count":1,"href":"https:\/\/clinicasandiegocucuta.com\/SanDiego\/wp-json\/wp\/v2\/pages\/1689\/revisions"}],"predecessor-version":[{"id":1693,"href":"https:\/\/clinicasandiegocucuta.com\/SanDiego\/wp-json\/wp\/v2\/pages\/1689\/revisions\/1693"}],"wp:attachment":[{"href":"https:\/\/clinicasandiegocucuta.com\/SanDiego\/wp-json\/wp\/v2\/media?parent=1689"}],"curies":[{"name":"wp","href":"https:\/\/api.w.org\/{rel}","templated":true}]}}