{"id":169,"date":"2022-05-18T20:37:31","date_gmt":"2022-05-18T20:37:31","guid":{"rendered":"https:\/\/clinicasandiegocucuta.com\/SanDiego\/?page_id=169"},"modified":"2024-10-17T22:33:30","modified_gmt":"2024-10-17T22:33:30","slug":"quienes-somos","status":"publish","type":"page","link":"https:\/\/clinicasandiegocucuta.com\/SanDiego\/quienes-somos\/","title":{"rendered":"Quienes Somos"},"content":{"rendered":"\n<div class=\"wp-block-uagb-container uagb-block-183cac94 alignfull uagb-is-root-container\"><div class=\"uagb-container-inner-blocks-wrap\">\n<div class=\"wp-block-uagb-advanced-heading uagb-block-7229d98b\"><h2 class=\"uagb-heading-text\">Nosotros<\/h2><div class=\"uagb-separator\"><\/div><\/div>\n\n\n<div class=\"wp-block-image\">\n<figure class=\"aligncenter size-large\"><img decoding=\"async\" data-src=\"https:\/\/clinicasandiegocucuta.com\/SanDiego\/wp-content\/uploads\/2022\/05\/fachaaa-1024x515.jpg\" alt=\"\" src=\"data:image\/svg+xml;base64,PHN2ZyB3aWR0aD0iMSIgaGVpZ2h0PSIxIiB4bWxucz0iaHR0cDovL3d3dy53My5vcmcvMjAwMC9zdmciPjwvc3ZnPg==\" class=\"lazyload\" style=\"--smush-placeholder-width: 1024px; --smush-placeholder-aspect-ratio: 1024\/515;\" \/><\/figure><\/div>\n\n\n<div class=\"wp-block-uagb-container uagb-layout-grid uagb-block-776a5a65\">\n<div class=\"wp-block-essential-blocks-text  root-eb-text-t2uxm\"><div class=\"eb-parent-wrapper eb-parent-eb-text-t2uxm \"><div class=\"eb-text-wrapper eb-text-t2uxm\" data-id=\"eb-text-t2uxm\"><p class=\"eb-text\">La Cl\u00ednica de Oftalmolog\u00eda San Diego C\u00facuta abri\u00f3 sus puertas en el mes de Abril del a\u00f1o 2010 para brindar a la comunidad servicios de mediana complejidad tales como: consulta, cirug\u00eda y diagn\u00f3stico en las especialidades de oftalmolog\u00eda, otorrinolaringolog\u00eda y cirug\u00eda pl\u00e1stica con los m\u00e1s altos niveles de calidad y seguridad. Ofrecemos consulta y cirug\u00eda en las subespecialidades de retina, glaucoma, segmento anterior, pediatr\u00eda, oculopl\u00e1stica y se realizan trasplante de c\u00f3rnea.<br><br>Contamos con 35 profesionales de la salud y m\u00e1s de 20 colaboradores que facilitan a los pacientes los tr\u00e1mites administrativos requeridos para la prestaci\u00f3n de nuestros servicios; comprometidos con la seguridad del paciente, entrenados y capacitados para brindar un trato humanizado y de calidad a los pacientes y familiares.<\/p><\/div><\/div><\/div>\n\n\n\n<div class=\"wp-block-essential-blocks-text  root-eb-text-s2e2s\"><div class=\"eb-parent-wrapper eb-parent-eb-text-s2e2s \"><div class=\"eb-text-wrapper eb-text-s2e2s\" data-id=\"eb-text-s2e2s\"><p class=\"eb-text\">Para la prestaci\u00f3n de nuestros servicios contamos con tres sedes para la atenci\u00f3n de pacientes, ubicadas estrat\u00e9gicamente para facilitar el acceso a los servicios ofertados; dos ubicadas en la ciudad de C\u00facuta y una en la provincia de Oca\u00f1a. Ya no es necesario que los pacientes viajen a otras ciudades, ya que contamos con un grupo selecto de m\u00e9dicos con diversas especialidades y subespecialidades radicados todos en la ciudad de C\u00facuta, quienes garantizan disponibilidad inmediata.<\/p><\/div><\/div><\/div>\n<\/div>\n\n\n\n<div class=\"wp-block-uagb-container uagb-layout-grid uagb-block-19aedbd2\">\n<div class=\"wp-block-uagb-advanced-heading uagb-block-1b4427bf\"><h2 class=\"uagb-heading-text\">MIsi\u00f3n<\/h2><\/div>\n\n\n\n<div class=\"wp-block-uagb-advanced-heading uagb-block-17c9aee6\"><h2 class=\"uagb-heading-text\">Visi\u00f3n<\/h2><\/div>\n\n\n\n<div class=\"wp-block-uagb-image uagb-block-35d38bc6 wp-block-uagb-image--layout-default wp-block-uagb-image--effect-static wp-block-uagb-image--align-none\"><figure class=\"wp-block-uagb-image__figure\"><img decoding=\"async\" data-srcset=\"https:\/\/clinicasandiegocucuta.com\/SanDiego\/wp-content\/uploads\/2024\/10\/nosotros.jpg ,https:\/\/clinicasandiegocucuta.com\/SanDiego\/wp-content\/uploads\/2024\/10\/nosotros.jpg 780w, https:\/\/clinicasandiegocucuta.com\/SanDiego\/wp-content\/uploads\/2024\/10\/nosotros.jpg 360w\" data-sizes=\"auto, (max-width: 480px) 150px\" data-src=\"https:\/\/clinicasandiegocucuta.com\/SanDiego\/wp-content\/uploads\/2024\/10\/nosotros.jpg\" alt=\"\" class=\"uag-image-1822 lazyload\" width=\"500\" height=\"737\" title=\"nosotros\" role=\"img\" src=\"data:image\/svg+xml;base64,PHN2ZyB3aWR0aD0iMSIgaGVpZ2h0PSIxIiB4bWxucz0iaHR0cDovL3d3dy53My5vcmcvMjAwMC9zdmciPjwvc3ZnPg==\" style=\"--smush-placeholder-width: 500px; --smush-placeholder-aspect-ratio: 500\/737;\" \/><\/figure><\/div>\n\n\n\n<div class=\"wp-block-uagb-image uagb-block-7ea232db wp-block-uagb-image--layout-default wp-block-uagb-image--effect-static wp-block-uagb-image--align-none\"><figure class=\"wp-block-uagb-image__figure\"><img decoding=\"async\" data-srcset=\"https:\/\/clinicasandiegocucuta.com\/SanDiego\/wp-content\/uploads\/2024\/10\/image-edited.jpeg ,https:\/\/clinicasandiegocucuta.com\/SanDiego\/wp-content\/uploads\/2024\/10\/image.jpeg 780w, https:\/\/clinicasandiegocucuta.com\/SanDiego\/wp-content\/uploads\/2024\/10\/image.jpeg 360w\" data-sizes=\"auto, (max-width: 480px) 150px\" data-src=\"https:\/\/clinicasandiegocucuta.com\/SanDiego\/wp-content\/uploads\/2024\/10\/image-edited.jpeg\" alt=\"\" class=\"uag-image-1827 lazyload\" width=\"500\" height=\"290\" title=\"image\" role=\"img\" src=\"data:image\/svg+xml;base64,PHN2ZyB3aWR0aD0iMSIgaGVpZ2h0PSIxIiB4bWxucz0iaHR0cDovL3d3dy53My5vcmcvMjAwMC9zdmciPjwvc3ZnPg==\" style=\"--smush-placeholder-width: 500px; --smush-placeholder-aspect-ratio: 500\/290;\" \/><\/figure><\/div>\n\n\n\n<div class=\"wp-block-essential-blocks-text  root-eb-text-gs27s\"><div class=\"eb-parent-wrapper eb-parent-eb-text-gs27s \"><div class=\"eb-text-wrapper eb-text-gs27s\" data-id=\"eb-text-gs27s\"><p class=\"eb-text\">La <strong>Cl\u00ednica de Oftalmolog\u00eda San Diego<\/strong> C\u00facuta, es una I.P.S. de car\u00e1cter privado, dedicada al diagn\u00f3stico, tratamiento y correcci\u00f3n quir\u00fargica de todo lo relacionado con la oftalmolog\u00eda, cirug\u00eda pl\u00e1stica y otorrinolaringolog\u00eda; con un enfoque integral que incluye la promoci\u00f3n, la prevenci\u00f3n, la investigaci\u00f3n y la incorporaci\u00f3n de tecnolog\u00eda de punta en todos los procesos de atenci\u00f3n al usuario; centrada en la seguridad de los pacientes, comprometida con el mejoramiento continuo de los procesos, seguridad y salud de los colaboradores, visitantes y usuarios; y cumplimiento de los est\u00e1ndares de calidad; garantizando un beneficio para nuestros clientes, empleados, accionistas y dem\u00e1s partes interesada<\/p><\/div><\/div><\/div>\n\n\n\n<div class=\"wp-block-essential-blocks-text  root-eb-text-tjcbk\"><div class=\"eb-parent-wrapper eb-parent-eb-text-tjcbk \"><div class=\"eb-text-wrapper eb-text-tjcbk\" data-id=\"eb-text-tjcbk\"><p class=\"eb-text\">La <strong>Cl\u00ednica de Oftalmolog\u00eda San Diego<\/strong> C\u00facuta, ser\u00e1 un referente para los pacientes y la competencia; por la calidad en la prestaci\u00f3n de los servicios ofertados, calidad humana de nuestros colaboradores, talento humano calificado e id\u00f3neo, el uso de tecnolog\u00eda de punta y compromiso con la seguridad y salud de los usuarios y colaboradores; convirti\u00e9ndonos en la empresa l\u00edder del sector salud en la regi\u00f3n.<\/p><\/div><\/div><\/div>\n<\/div>\n\n\n\n<div class=\"wp-block-uagb-advanced-heading uagb-block-4f409ccf\"><h2 class=\"uagb-heading-text\">Nuestros Valores<\/h2><div class=\"uagb-separator\"><\/div><\/div>\n\n\n<div class=\"wp-block-image\">\n<figure class=\"aligncenter size-large is-resized\"><img decoding=\"async\" data-src=\"https:\/\/clinicasandiegocucuta.com\/SanDiego\/wp-content\/uploads\/2022\/05\/valores-1024x965.jpg\" alt=\"\" style=\"--smush-placeholder-width: 1024px; --smush-placeholder-aspect-ratio: 1024\/965;width:752px;height:auto\" src=\"data:image\/svg+xml;base64,PHN2ZyB3aWR0aD0iMSIgaGVpZ2h0PSIxIiB4bWxucz0iaHR0cDovL3d3dy53My5vcmcvMjAwMC9zdmciPjwvc3ZnPg==\" class=\"lazyload\" \/><\/figure><\/div>\n\n\n<div class=\"wp-block-uagb-advanced-heading uagb-block-cb96a6a5\"><h2 class=\"uagb-heading-text\">Nuestros Objetivos<\/h2><div class=\"uagb-separator\"><\/div><\/div>\n\n\n\n<div class=\"wp-block-uagb-container uagb-layout-grid uagb-block-f8f23fd2\">\n<figure class=\"wp-block-image size-large\"><img fetchpriority=\"high\" decoding=\"async\" width=\"1024\" height=\"683\" src=\"https:\/\/clinicasandiegocucuta.com\/SanDiego\/wp-content\/uploads\/2024\/10\/razos2-1024x683.jpg\" alt=\"\" class=\"wp-image-1823\" srcset=\"https:\/\/clinicasandiegocucuta.com\/SanDiego\/wp-content\/uploads\/2024\/10\/razos2-1024x683.jpg 1024w, https:\/\/clinicasandiegocucuta.com\/SanDiego\/wp-content\/uploads\/2024\/10\/razos2-300x200.jpg 300w, https:\/\/clinicasandiegocucuta.com\/SanDiego\/wp-content\/uploads\/2024\/10\/razos2-768x512.jpg 768w, https:\/\/clinicasandiegocucuta.com\/SanDiego\/wp-content\/uploads\/2024\/10\/razos2.jpg 1200w\" sizes=\"(max-width: 1024px) 100vw, 1024px\" \/><\/figure>\n\n\n\n<ul class=\"wp-block-list\">\n<li>Brindar servicios m\u00e9dicos de \u00f3ptima calidad que sean reconocidos y recomendados por el gremio.<\/li>\n\n\n\n<li>Innovar en el mercado regional con equipos de \u00faltima tecnolog\u00eda y los m\u00e1s altos est\u00e1ndares de calidad.<\/li>\n\n\n\n<li>Trabajar en un ambiente amigable, honesto y con calidad humana que genere tranquilidad y seguridad a los pacientes.<\/li>\n\n\n\n<li>Ser reconocidos a nivel nacional como una de las cl\u00ednicas l\u00edderes en el sector medico.<\/li>\n\n\n\n<li>Desarrollar la infraestructura f\u00edsica y tecnol\u00f3gica que permita el creci- miento y la cobertura de las operaciones propias de la cl\u00ednica.<\/li>\n<\/ul>\n<\/div>\n<\/div><\/div>\n\n\n\n<p><\/p>\n","protected":false},"excerpt":{"rendered":"<p>Nosotros MIsi\u00f3n Visi\u00f3n Nuestros Valores Nuestros Objetivos<\/p>\n","protected":false},"author":1,"featured_media":0,"parent":0,"menu_order":0,"comment_status":"closed","ping_status":"closed","template":"elementor_theme","meta":{"_eb_attr":"","_uag_custom_page_level_css":"","footnotes":""},"class_list":["post-169","page","type-page","status-publish","hentry"],"uagb_featured_image_src":{"full":false,"thumbnail":false,"medium":false,"medium_large":false,"large":false,"1536x1536":false,"2048x2048":false},"uagb_author_info":{"display_name":"AdminSanDiego","author_link":"https:\/\/clinicasandiegocucuta.com\/SanDiego\/author\/adminsandiego\/"},"uagb_comment_info":0,"uagb_excerpt":"Nosotros MIsi\u00f3n Visi\u00f3n Nuestros Valores Nuestros Objetivos","_links":{"self":[{"href":"https:\/\/clinicasandiegocucuta.com\/SanDiego\/wp-json\/wp\/v2\/pages\/169","targetHints":{"allow":["GET"]}}],"collection":[{"href":"https:\/\/clinicasandiegocucuta.com\/SanDiego\/wp-json\/wp\/v2\/pages"}],"about":[{"href":"https:\/\/clinicasandiegocucuta.com\/SanDiego\/wp-json\/wp\/v2\/types\/page"}],"author":[{"embeddable":true,"href":"https:\/\/clinicasandiegocucuta.com\/SanDiego\/wp-json\/wp\/v2\/users\/1"}],"replies":[{"embeddable":true,"href":"https:\/\/clinicasandiegocucuta.com\/SanDiego\/wp-json\/wp\/v2\/comments?post=169"}],"version-history":[{"count":9,"href":"https:\/\/clinicasandiegocucuta.com\/SanDiego\/wp-json\/wp\/v2\/pages\/169\/revisions"}],"predecessor-version":[{"id":2145,"href":"https:\/\/clinicasandiegocucuta.com\/SanDiego\/wp-json\/wp\/v2\/pages\/169\/revisions\/2145"}],"wp:attachment":[{"href":"https:\/\/clinicasandiegocucuta.com\/SanDiego\/wp-json\/wp\/v2\/media?parent=169"}],"curies":[{"name":"wp","href":"https:\/\/api.w.org\/{rel}","templated":true}]}}