{"id":1743,"date":"2024-10-16T23:58:34","date_gmt":"2024-10-16T23:58:34","guid":{"rendered":"https:\/\/clinicasandiegocucuta.com\/SanDiego\/?page_id=1743"},"modified":"2024-10-17T00:10:32","modified_gmt":"2024-10-17T00:10:32","slug":"ayudas-diagnosticas-oftalmologia","status":"publish","type":"page","link":"https:\/\/clinicasandiegocucuta.com\/SanDiego\/ayudas-diagnosticas-oftalmologia\/","title":{"rendered":"Ayudas Diagnosticas Oftalmolog\u00eda"},"content":{"rendered":"<h2 class=\"wp-block-post-title\">Ayudas Diagnosticas Oftalmolog\u00eda<\/h2>\n\n\n<div class=\"wp-block-uagb-container uagb-block-20047787 alignfull uagb-is-root-container\"><div class=\"uagb-container-inner-blocks-wrap\">\n\n\n<div class=\"wp-block-essential-blocks-text  root-eb-text-fpv7m\"><div class=\"eb-parent-wrapper eb-parent-eb-text-fpv7m \"><div class=\"eb-text-wrapper eb-text-fpv7m\" data-id=\"eb-text-fpv7m\"><p class=\"eb-text\">En la <strong>Cl\u00ednica de Oftalmolog\u00eda San Diego<\/strong>, contamos con una amplia gama de ayudas diagn\u00f3sticas avanzadas, dise\u00f1adas para ofrecer una evaluaci\u00f3n precisa y completa de la salud visual de nuestros pacientes. Nuestro compromiso con la excelencia nos permite utilizar la m\u00e1s alta tecnolog\u00eda para detectar, prevenir y tratar una variedad de patolog\u00edas oculares, asegurando diagn\u00f3sticos certeros y tratamientos personalizados.<br><br><strong>\u00bfPor qu\u00e9 son importantes las Ayudas Diagn\u00f3sticas?<\/strong><br><br>Las ayudas diagn\u00f3sticas son esenciales para comprender el estado real de tu salud visual. Gracias a nuestros equipos de \u00faltima generaci\u00f3n y a la experiencia de nuestros especialistas, podemos realizar estudios detallados que permiten identificar alteraciones tempranas, guiar tratamientos y monitorear su evoluci\u00f3n de manera efectiva.<\/p><\/div><\/div><\/div>\n\n\n<div class=\"root-eb-post-grid-0arn7 wp-block-essential-blocks-post-grid\">\n    <div class=\"eb-parent-wrapper eb-parent-eb-post-grid-0arn7 \">\n        <div class=\"eb-post-grid-0arn7 style-2 eb-post-grid-wrapper\"\n            data-id=\"eb-post-grid-0arn7\"\n            data-querydata=\"{&quot;source&quot;:&quot;post&quot;,&quot;sourceIndex&quot;:0,&quot;rest_base&quot;:&quot;posts&quot;,&quot;rest_namespace&quot;:&quot;wp\\\/v2&quot;,&quot;author&quot;:&quot;&quot;,&quot;taxonomies&quot;:{&quot;category&quot;:{&quot;name&quot;:&quot;Categor\\u00edas&quot;,&quot;rest_base&quot;:&quot;categories&quot;,&quot;rest_namespace&quot;:&quot;wp\\\/v2&quot;,&quot;slug&quot;:&quot;category&quot;,&quot;value&quot;:&quot;[{\\&quot;value\\&quot;:4,\\&quot;label\\&quot;:\\&quot;Ayudas Diagn\\u00f3sticas\\&quot;}]&quot;}},&quot;per_page&quot;:&quot;12&quot;,&quot;offset&quot;:&quot;0&quot;,&quot;orderby&quot;:&quot;date&quot;,&quot;order&quot;:&quot;desc&quot;,&quot;include&quot;:&quot;&quot;,&quot;exclude&quot;:&quot;&quot;,&quot;exclude_current&quot;:false,&quot;ignore_sticky_posts&quot;:false}\"\n            data-attributes=\"{&quot;thumbnailSize&quot;:&quot;medium&quot;,&quot;loadMoreOptions&quot;:{&quot;enableMorePosts&quot;:false,&quot;loadMoreType&quot;:&quot;1&quot;,&quot;loadMoreButtonTxt&quot;:&quot;Load More&quot;,&quot;alignment&quot;:&quot;center&quot;,&quot;prevTxt&quot;:&quot;&lt;&quot;,&quot;nextTxt&quot;:&quot;&gt;&quot;,&quot;totalPosts&quot;:8},&quot;showSearch&quot;:false,&quot;showTaxonomyFilter&quot;:false,&quot;enableAjaxSearch&quot;:false,&quot;addIcon&quot;:true,&quot;iconPosition&quot;:&quot;left&quot;,&quot;icon&quot;:&quot;fas fa-chevron-right&quot;,&quot;preset&quot;:&quot;style-2&quot;,&quot;defaultFilter&quot;:&quot;all&quot;,&quot;version&quot;:&quot;v2&quot;,&quot;showBlockContent&quot;:true,&quot;showFallbackImg&quot;:false,&quot;fallbackImgUrl&quot;:&quot;&quot;,&quot;showThumbnail&quot;:true,&quot;showTitle&quot;:true,&quot;titleLength&quot;:&quot;&quot;,&quot;titleTag&quot;:&quot;h2&quot;,&quot;showContent&quot;:true,&quot;contentLength&quot;:20,&quot;expansionIndicator&quot;:&quot;...&quot;,&quot;showReadMore&quot;:true,&quot;readmoreText&quot;:&quot;Leer MAs&quot;,&quot;showMeta&quot;:false,&quot;headerMeta&quot;:&quot;[{\\&quot;value\\&quot;:\\&quot;date\\&quot;,\\&quot;label\\&quot;:\\&quot;Published Date\\&quot;}]&quot;,&quot;footerMeta&quot;:&quot;[{\\&quot;value\\&quot;:\\&quot;avatar\\&quot;,\\&quot;label\\&quot;:\\&quot;Author Avatar\\&quot;},{\\&quot;value\\&quot;:\\&quot;author\\&quot;,\\&quot;label\\&quot;:\\&quot;Author Name\\&quot;}]&quot;,&quot;authorPrefix&quot;:&quot;by&quot;,&quot;datePrefix&quot;:&quot;on&quot;}\">\n\n            \n\n            <div class=\"eb-post-grid-posts-wrapper\"><article class=\"ebpg-grid-post ebpg-post-grid-column\" data-id=\"94\"><div class=\"ebpg-grid-post-holder\"><div class=\"ebpg-entry-wrapper\"><div class=\"ebpg-entry-media\">\n                <div class=\"ebpg-entry-thumbnail\">\n                    <a class=\"ebpg-post-link-wrapper eb-sr-only\" href=\"https:\/\/clinicasandiegocucuta.com\/SanDiego\/pentacam\/\">Pentacam<\/a>\n                    <img fetchpriority=\"high\" decoding=\"async\" width=\"300\" height=\"200\" src=\"https:\/\/clinicasandiegocucuta.com\/SanDiego\/wp-content\/uploads\/2022\/05\/penacam-300x200.jpg\" class=\"attachment-medium size-medium\" alt=\"\" \/>\n                <\/div>\n            <\/div><header class=\"ebpg-entry-header\">\n            <h2 class=\"ebpg-entry-title\">\n                <a class=\"ebpg-grid-post-link\" href=\"https:\/\/clinicasandiegocucuta.com\/SanDiego\/pentacam\/\" title=\"Pentacam\">Pentacam<\/a>\n            <\/h2>\n        <\/header><div class=\"ebpg-entry-content\"><div class=\"ebpg-grid-post-excerpt\">\n            <p>El Pentacam es una c\u00e1mara tipo scheimpflug que captura im\u00e1genes del segmento anterior del ojo, lo cual proporciona informaci\u00f3n que&#8230;<\/p>\n        <\/div><div class=\"ebpg-readmore-btn\">\n            <a href=\"https:\/\/clinicasandiegocucuta.com\/SanDiego\/pentacam\/\"><i class=\"fas fa-chevron-right eb-button-icon eb-button-icon-left hvr-icon\"><\/i> Leer MAs <\/a>\n        <\/div><\/div><\/div><\/div><\/article><article class=\"ebpg-grid-post ebpg-post-grid-column\" data-id=\"91\"><div class=\"ebpg-grid-post-holder\"><div class=\"ebpg-entry-wrapper\"><div class=\"ebpg-entry-media\">\n                <div class=\"ebpg-entry-thumbnail\">\n                    <a class=\"ebpg-post-link-wrapper eb-sr-only\" href=\"https:\/\/clinicasandiegocucuta.com\/SanDiego\/recuento-de-celulas-endoteliales\/\">Recuento de c\u00e9lulas endoteliales<\/a>\n                    <img decoding=\"async\" width=\"300\" height=\"200\" data-src=\"https:\/\/clinicasandiegocucuta.com\/SanDiego\/wp-content\/uploads\/2022\/05\/recuento-300x200.jpg\" class=\"attachment-medium size-medium lazyload\" alt=\"\" src=\"data:image\/svg+xml;base64,PHN2ZyB3aWR0aD0iMSIgaGVpZ2h0PSIxIiB4bWxucz0iaHR0cDovL3d3dy53My5vcmcvMjAwMC9zdmciPjwvc3ZnPg==\" style=\"--smush-placeholder-width: 300px; --smush-placeholder-aspect-ratio: 300\/200;\" \/>\n                <\/div>\n            <\/div><header class=\"ebpg-entry-header\">\n            <h2 class=\"ebpg-entry-title\">\n                <a class=\"ebpg-grid-post-link\" href=\"https:\/\/clinicasandiegocucuta.com\/SanDiego\/recuento-de-celulas-endoteliales\/\" title=\"Recuento de c\u00e9lulas endoteliales\">Recuento de c\u00e9lulas endoteliales<\/a>\n            <\/h2>\n        <\/header><div class=\"ebpg-entry-content\"><div class=\"ebpg-grid-post-excerpt\">\n            <p>&#x1f441; El examen de recuento de c\u00e9lulas endoteliales nos permite evaluar la cantidad y calidad de las c\u00e9lulas del endotelio&#8230;<\/p>\n        <\/div><div class=\"ebpg-readmore-btn\">\n            <a href=\"https:\/\/clinicasandiegocucuta.com\/SanDiego\/recuento-de-celulas-endoteliales\/\"><i class=\"fas fa-chevron-right eb-button-icon eb-button-icon-left hvr-icon\"><\/i> Leer MAs <\/a>\n        <\/div><\/div><\/div><\/div><\/article><article class=\"ebpg-grid-post ebpg-post-grid-column\" data-id=\"88\"><div class=\"ebpg-grid-post-holder\"><div class=\"ebpg-entry-wrapper\"><div class=\"ebpg-entry-media\">\n                <div class=\"ebpg-entry-thumbnail\">\n                    <a class=\"ebpg-post-link-wrapper eb-sr-only\" href=\"https:\/\/clinicasandiegocucuta.com\/SanDiego\/oct-o-tomografia-de-coherencia-optica\/\">OCT o Tomograf\u00eda de Coherencia \u00d3ptica<\/a>\n                    <img decoding=\"async\" width=\"300\" height=\"200\" data-src=\"https:\/\/clinicasandiegocucuta.com\/SanDiego\/wp-content\/uploads\/2022\/05\/OCT-300x200.jpg\" class=\"attachment-medium size-medium lazyload\" alt=\"OCT o Tomograf\u00eda de Coherencia \u00d3ptica\" src=\"data:image\/svg+xml;base64,PHN2ZyB3aWR0aD0iMSIgaGVpZ2h0PSIxIiB4bWxucz0iaHR0cDovL3d3dy53My5vcmcvMjAwMC9zdmciPjwvc3ZnPg==\" style=\"--smush-placeholder-width: 300px; --smush-placeholder-aspect-ratio: 300\/200;\" \/>\n                <\/div>\n            <\/div><header class=\"ebpg-entry-header\">\n            <h2 class=\"ebpg-entry-title\">\n                <a class=\"ebpg-grid-post-link\" href=\"https:\/\/clinicasandiegocucuta.com\/SanDiego\/oct-o-tomografia-de-coherencia-optica\/\" title=\"OCT o Tomograf\u00eda de Coherencia \u00d3ptica\">OCT o Tomograf\u00eda de Coherencia \u00d3ptica<\/a>\n            <\/h2>\n        <\/header><div class=\"ebpg-entry-content\"><div class=\"ebpg-grid-post-excerpt\">\n            <p>La tomograf\u00eda \u00f3ptica coherente (O.C.T), es una prueba que aporta im\u00e1genes tipo escaner no invasiva, utilizando ondas de luz para&#8230;<\/p>\n        <\/div><div class=\"ebpg-readmore-btn\">\n            <a href=\"https:\/\/clinicasandiegocucuta.com\/SanDiego\/oct-o-tomografia-de-coherencia-optica\/\"><i class=\"fas fa-chevron-right eb-button-icon eb-button-icon-left hvr-icon\"><\/i> Leer MAs <\/a>\n        <\/div><\/div><\/div><\/div><\/article><article class=\"ebpg-grid-post ebpg-post-grid-column\" data-id=\"84\"><div class=\"ebpg-grid-post-holder\"><div class=\"ebpg-entry-wrapper\"><div class=\"ebpg-entry-media\">\n                <div class=\"ebpg-entry-thumbnail\">\n                    <a class=\"ebpg-post-link-wrapper eb-sr-only\" href=\"https:\/\/clinicasandiegocucuta.com\/SanDiego\/laser-yag\/\">L\u00e1ser yag<\/a>\n                    <img decoding=\"async\" width=\"300\" height=\"200\" data-src=\"https:\/\/clinicasandiegocucuta.com\/SanDiego\/wp-content\/uploads\/2022\/05\/yag-300x200.jpg\" class=\"attachment-medium size-medium lazyload\" alt=\"\" src=\"data:image\/svg+xml;base64,PHN2ZyB3aWR0aD0iMSIgaGVpZ2h0PSIxIiB4bWxucz0iaHR0cDovL3d3dy53My5vcmcvMjAwMC9zdmciPjwvc3ZnPg==\" style=\"--smush-placeholder-width: 300px; --smush-placeholder-aspect-ratio: 300\/200;\" \/>\n                <\/div>\n            <\/div><header class=\"ebpg-entry-header\">\n            <h2 class=\"ebpg-entry-title\">\n                <a class=\"ebpg-grid-post-link\" href=\"https:\/\/clinicasandiegocucuta.com\/SanDiego\/laser-yag\/\" title=\"L\u00e1ser yag\">L\u00e1ser yag<\/a>\n            <\/h2>\n        <\/header><div class=\"ebpg-entry-content\"><div class=\"ebpg-grid-post-excerpt\">\n            <p>El l\u00e1ser Neodimio-YAG es un l\u00e1ser que inici\u00f3 su carrera en el \u00e1mbito militar, donde se emplea para la destrucci\u00f3n&#8230;<\/p>\n        <\/div><div class=\"ebpg-readmore-btn\">\n            <a href=\"https:\/\/clinicasandiegocucuta.com\/SanDiego\/laser-yag\/\"><i class=\"fas fa-chevron-right eb-button-icon eb-button-icon-left hvr-icon\"><\/i> Leer MAs <\/a>\n        <\/div><\/div><\/div><\/div><\/article><article class=\"ebpg-grid-post ebpg-post-grid-column\" data-id=\"81\"><div class=\"ebpg-grid-post-holder\"><div class=\"ebpg-entry-wrapper\"><div class=\"ebpg-entry-media\">\n                <div class=\"ebpg-entry-thumbnail\">\n                    <a class=\"ebpg-post-link-wrapper eb-sr-only\" href=\"https:\/\/clinicasandiegocucuta.com\/SanDiego\/laser-amarillo-easyret\/\">Laser Amarillo Easyret<\/a>\n                    <img decoding=\"async\" width=\"300\" height=\"200\" data-src=\"https:\/\/clinicasandiegocucuta.com\/SanDiego\/wp-content\/uploads\/2022\/05\/laser_amarillos-300x200.jpg\" class=\"attachment-medium size-medium lazyload\" alt=\"\" src=\"data:image\/svg+xml;base64,PHN2ZyB3aWR0aD0iMSIgaGVpZ2h0PSIxIiB4bWxucz0iaHR0cDovL3d3dy53My5vcmcvMjAwMC9zdmciPjwvc3ZnPg==\" style=\"--smush-placeholder-width: 300px; --smush-placeholder-aspect-ratio: 300\/200;\" \/>\n                <\/div>\n            <\/div><header class=\"ebpg-entry-header\">\n            <h2 class=\"ebpg-entry-title\">\n                <a class=\"ebpg-grid-post-link\" href=\"https:\/\/clinicasandiegocucuta.com\/SanDiego\/laser-amarillo-easyret\/\" title=\"Laser Amarillo Easyret\">Laser Amarillo Easyret<\/a>\n            <\/h2>\n        <\/header><div class=\"ebpg-entry-content\"><div class=\"ebpg-grid-post-excerpt\">\n            <p>&#x1f3e5; En nuestra Cl\u00ednica de Oftalmolog\u00eda San Diego contamos con tecnolog\u00eda de punta para el cuidado de tus ojos, como&#8230;<\/p>\n        <\/div><div class=\"ebpg-readmore-btn\">\n            <a href=\"https:\/\/clinicasandiegocucuta.com\/SanDiego\/laser-amarillo-easyret\/\"><i class=\"fas fa-chevron-right eb-button-icon eb-button-icon-left hvr-icon\"><\/i> Leer MAs <\/a>\n        <\/div><\/div><\/div><\/div><\/article><article class=\"ebpg-grid-post ebpg-post-grid-column\" data-id=\"78\"><div class=\"ebpg-grid-post-holder\"><div class=\"ebpg-entry-wrapper\"><div class=\"ebpg-entry-media\">\n                <div class=\"ebpg-entry-thumbnail\">\n                    <a class=\"ebpg-post-link-wrapper eb-sr-only\" href=\"https:\/\/clinicasandiegocucuta.com\/SanDiego\/angiografia-ocular\/\">Angiograf\u00eda Ocular<\/a>\n                    <img decoding=\"async\" width=\"300\" height=\"216\" data-src=\"https:\/\/clinicasandiegocucuta.com\/SanDiego\/wp-content\/uploads\/2022\/05\/angiografias-300x216.jpg\" class=\"attachment-medium size-medium lazyload\" alt=\"\" src=\"data:image\/svg+xml;base64,PHN2ZyB3aWR0aD0iMSIgaGVpZ2h0PSIxIiB4bWxucz0iaHR0cDovL3d3dy53My5vcmcvMjAwMC9zdmciPjwvc3ZnPg==\" style=\"--smush-placeholder-width: 300px; --smush-placeholder-aspect-ratio: 300\/216;\" \/>\n                <\/div>\n            <\/div><header class=\"ebpg-entry-header\">\n            <h2 class=\"ebpg-entry-title\">\n                <a class=\"ebpg-grid-post-link\" href=\"https:\/\/clinicasandiegocucuta.com\/SanDiego\/angiografia-ocular\/\" title=\"Angiograf\u00eda Ocular\">Angiograf\u00eda Ocular<\/a>\n            <\/h2>\n        <\/header><div class=\"ebpg-entry-content\"><div class=\"ebpg-grid-post-excerpt\">\n            <p>La Angiograf\u00eda Ocular es una prueba diagn\u00f3stica que consiste en tomar fotograf\u00edas del fondo del ojo, con una c\u00e1mara de&#8230;<\/p>\n        <\/div><div class=\"ebpg-readmore-btn\">\n            <a href=\"https:\/\/clinicasandiegocucuta.com\/SanDiego\/angiografia-ocular\/\"><i class=\"fas fa-chevron-right eb-button-icon eb-button-icon-left hvr-icon\"><\/i> Leer MAs <\/a>\n        <\/div><\/div><\/div><\/div><\/article><article class=\"ebpg-grid-post ebpg-post-grid-column\" data-id=\"75\"><div class=\"ebpg-grid-post-holder\"><div class=\"ebpg-entry-wrapper\"><div class=\"ebpg-entry-media\">\n                <div class=\"ebpg-entry-thumbnail\">\n                    <a class=\"ebpg-post-link-wrapper eb-sr-only\" href=\"https:\/\/clinicasandiegocucuta.com\/SanDiego\/campo-visual\/\">Campo visual<\/a>\n                    <img decoding=\"async\" width=\"300\" height=\"200\" data-src=\"https:\/\/clinicasandiegocucuta.com\/SanDiego\/wp-content\/uploads\/2022\/05\/campimetiras-300x200.jpg\" class=\"attachment-medium size-medium lazyload\" alt=\"\" src=\"data:image\/svg+xml;base64,PHN2ZyB3aWR0aD0iMSIgaGVpZ2h0PSIxIiB4bWxucz0iaHR0cDovL3d3dy53My5vcmcvMjAwMC9zdmciPjwvc3ZnPg==\" style=\"--smush-placeholder-width: 300px; --smush-placeholder-aspect-ratio: 300\/200;\" \/>\n                <\/div>\n            <\/div><header class=\"ebpg-entry-header\">\n            <h2 class=\"ebpg-entry-title\">\n                <a class=\"ebpg-grid-post-link\" href=\"https:\/\/clinicasandiegocucuta.com\/SanDiego\/campo-visual\/\" title=\"Campo visual\">Campo visual<\/a>\n            <\/h2>\n        <\/header><div class=\"ebpg-entry-content\"><div class=\"ebpg-grid-post-excerpt\">\n            <p>Prueba no invasiva de exploraci\u00f3n funcional de la sensibilidad del campo visual. Es fundamental realizarlo en pacientes con glaucoma o&#8230;<\/p>\n        <\/div><div class=\"ebpg-readmore-btn\">\n            <a href=\"https:\/\/clinicasandiegocucuta.com\/SanDiego\/campo-visual\/\"><i class=\"fas fa-chevron-right eb-button-icon eb-button-icon-left hvr-icon\"><\/i> Leer MAs <\/a>\n        <\/div><\/div><\/div><\/div><\/article><article class=\"ebpg-grid-post ebpg-post-grid-column\" data-id=\"72\"><div class=\"ebpg-grid-post-holder\"><div class=\"ebpg-entry-wrapper\"><div class=\"ebpg-entry-media\">\n                <div class=\"ebpg-entry-thumbnail\">\n                    <a class=\"ebpg-post-link-wrapper eb-sr-only\" href=\"https:\/\/clinicasandiegocucuta.com\/SanDiego\/biometria\/\">Biometr\u00eda<\/a>\n                    <img decoding=\"async\" width=\"300\" height=\"200\" data-src=\"https:\/\/clinicasandiegocucuta.com\/SanDiego\/wp-content\/uploads\/2022\/05\/biometria-300x200.jpg\" class=\"attachment-medium size-medium lazyload\" alt=\"\" src=\"data:image\/svg+xml;base64,PHN2ZyB3aWR0aD0iMSIgaGVpZ2h0PSIxIiB4bWxucz0iaHR0cDovL3d3dy53My5vcmcvMjAwMC9zdmciPjwvc3ZnPg==\" style=\"--smush-placeholder-width: 300px; --smush-placeholder-aspect-ratio: 300\/200;\" \/>\n                <\/div>\n            <\/div><header class=\"ebpg-entry-header\">\n            <h2 class=\"ebpg-entry-title\">\n                <a class=\"ebpg-grid-post-link\" href=\"https:\/\/clinicasandiegocucuta.com\/SanDiego\/biometria\/\" title=\"Biometr\u00eda\">Biometr\u00eda<\/a>\n            <\/h2>\n        <\/header><div class=\"ebpg-entry-content\"><div class=\"ebpg-grid-post-excerpt\">\n            <p>Examen \u00f3ptico de no contacto que toma la medida de las diferentes estructuras oculares, es un estudio indispensables para el&#8230;<\/p>\n        <\/div><div class=\"ebpg-readmore-btn\">\n            <a href=\"https:\/\/clinicasandiegocucuta.com\/SanDiego\/biometria\/\"><i class=\"fas fa-chevron-right eb-button-icon eb-button-icon-left hvr-icon\"><\/i> Leer MAs <\/a>\n        <\/div><\/div><\/div><\/div><\/article><\/div>        <\/div>\n    <\/div>\n<\/div>\n<\/div><\/div>\n\n\n\n<p><\/p>\n","protected":false},"excerpt":{"rendered":"","protected":false},"author":1,"featured_media":0,"parent":0,"menu_order":0,"comment_status":"closed","ping_status":"closed","template":"","meta":{"_eb_attr":"","_uag_custom_page_level_css":"","footnotes":""},"class_list":["post-1743","page","type-page","status-publish","hentry"],"uagb_featured_image_src":{"full":false,"thumbnail":false,"medium":false,"medium_large":false,"large":false,"1536x1536":false,"2048x2048":false},"uagb_author_info":{"display_name":"AdminSanDiego","author_link":"https:\/\/clinicasandiegocucuta.com\/SanDiego\/author\/adminsandiego\/"},"uagb_comment_info":0,"uagb_excerpt":null,"_links":{"self":[{"href":"https:\/\/clinicasandiegocucuta.com\/SanDiego\/wp-json\/wp\/v2\/pages\/1743","targetHints":{"allow":["GET"]}}],"collection":[{"href":"https:\/\/clinicasandiegocucuta.com\/SanDiego\/wp-json\/wp\/v2\/pages"}],"about":[{"href":"https:\/\/clinicasandiegocucuta.com\/SanDiego\/wp-json\/wp\/v2\/types\/page"}],"author":[{"embeddable":true,"href":"https:\/\/clinicasandiegocucuta.com\/SanDiego\/wp-json\/wp\/v2\/users\/1"}],"replies":[{"embeddable":true,"href":"https:\/\/clinicasandiegocucuta.com\/SanDiego\/wp-json\/wp\/v2\/comments?post=1743"}],"version-history":[{"count":3,"href":"https:\/\/clinicasandiegocucuta.com\/SanDiego\/wp-json\/wp\/v2\/pages\/1743\/revisions"}],"predecessor-version":[{"id":1748,"href":"https:\/\/clinicasandiegocucuta.com\/SanDiego\/wp-json\/wp\/v2\/pages\/1743\/revisions\/1748"}],"wp:attachment":[{"href":"https:\/\/clinicasandiegocucuta.com\/SanDiego\/wp-json\/wp\/v2\/media?parent=1743"}],"curies":[{"name":"wp","href":"https:\/\/api.w.org\/{rel}","templated":true}]}}