{"id":1752,"date":"2024-10-17T06:25:43","date_gmt":"2024-10-17T06:25:43","guid":{"rendered":"https:\/\/clinicasandiegocucuta.com\/SanDiego\/?page_id=1752"},"modified":"2024-10-17T16:17:10","modified_gmt":"2024-10-17T16:17:10","slug":"oftalmologia","status":"publish","type":"page","link":"https:\/\/clinicasandiegocucuta.com\/SanDiego\/oftalmologia\/","title":{"rendered":"Oftalmolog\u00eda"},"content":{"rendered":"\n<div class=\"wp-block-uagb-container uagb-block-574c7130 default uagb-is-root-container\">\n<body>\n    <header>\n        <h1>Servicios de Oftalmolog\u00eda<\/h1>\n    <\/header>\n\n    <div class=\"container\">\n        <div class=\"service-section\">\n            <h2>Retina y V\u00edtreo<\/h2>\n            <p>Nuestro servicio de Retina y V\u00edtreo cuenta con los \u00faltimos avances tecnol\u00f3gicos y m\u00e9dicos para el tratamiento de patolog\u00edas como la degeneraci\u00f3n macular y el desprendimiento de retina. Atendemos a nuestros pacientes con un equipo especializado y tecnolog\u00eda de punta.<\/p>\n            <img decoding=\"async\" data-src=\"https:\/\/clinicasandiegocucuta.com\/SanDiego\/wp-content\/uploads\/2024\/10\/0000.jpg\" alt=\"Servicio de Retina y V\u00edtreo\" src=\"data:image\/svg+xml;base64,PHN2ZyB3aWR0aD0iMSIgaGVpZ2h0PSIxIiB4bWxucz0iaHR0cDovL3d3dy53My5vcmcvMjAwMC9zdmciPjwvc3ZnPg==\" class=\"lazyload\" style=\"--smush-placeholder-width: 1600px; --smush-placeholder-aspect-ratio: 1600\/1067;\">\n        <\/div>\n\n        <div class=\"service-section\">\n            <h2>Glaucoma<\/h2>\n            <p>En la Cl\u00ednica de Oftalmolog\u00eda San Diego, estamos comprometidos con la detecci\u00f3n y tratamiento del glaucoma, una enfermedad que puede causar da\u00f1os irreversibles al nervio \u00f3ptico. Ofrecemos tratamientos personalizados para controlar la presi\u00f3n ocular y prevenir la p\u00e9rdida de visi\u00f3n.<\/p>\n            <img decoding=\"async\" data-src=\"https:\/\/clinicasandiegocucuta.com\/SanDiego\/wp-content\/uploads\/2023\/02\/MA1_9597-scaled.jpg\" alt=\"Tratamiento de Glaucoma\" src=\"data:image\/svg+xml;base64,PHN2ZyB3aWR0aD0iMSIgaGVpZ2h0PSIxIiB4bWxucz0iaHR0cDovL3d3dy53My5vcmcvMjAwMC9zdmciPjwvc3ZnPg==\" class=\"lazyload\" style=\"--smush-placeholder-width: 2560px; --smush-placeholder-aspect-ratio: 2560\/1708;\">\n        <\/div>\n\n        <div class=\"service-section\">\n            <h2>C\u00f3rnea y Segmento Anterior<\/h2>\n            <p>El \u00e1rea de C\u00f3rnea y Segmento Anterior est\u00e1 dedicada al diagn\u00f3stico y tratamiento de enfermedades que afectan la superficie ocular, como el queratocono y las cataratas. Utilizamos la m\u00e1s avanzada tecnolog\u00eda para ofrecer a nuestros pacientes una atenci\u00f3n \u00f3ptima.<\/p>\n            <img decoding=\"async\" data-src=\"https:\/\/clinicasandiegocucuta.com\/SanDiego\/wp-content\/uploads\/2023\/02\/presentacion.jpg\" alt=\"Tratamiento de C\u00f3rnea y Segmento Anterior\" src=\"data:image\/svg+xml;base64,PHN2ZyB3aWR0aD0iMSIgaGVpZ2h0PSIxIiB4bWxucz0iaHR0cDovL3d3dy53My5vcmcvMjAwMC9zdmciPjwvc3ZnPg==\" class=\"lazyload\" style=\"--smush-placeholder-width: 2000px; --smush-placeholder-aspect-ratio: 2000\/1333;\">\n        <\/div>\n\n        <div class=\"service-section\">\n            <h2>Optometr\u00eda, Ort\u00f3ptica y Baja Visi\u00f3n<\/h2>\n            <p>Nuestro equipo de optometr\u00eda brinda evaluaciones visuales completas para detectar problemas refractivos, estrabismo y baja visi\u00f3n. Desarrollamos planes de tratamiento y terapias personalizadas para mejorar la calidad de vida de nuestros pacientes.<\/p>\n            <img decoding=\"async\" data-src=\"https:\/\/clinicasandiegocucuta.com\/SanDiego\/wp-content\/uploads\/2024\/07\/MA1_8258-scaled.jpg\" alt=\"Servicio de Optometr\u00eda\" src=\"data:image\/svg+xml;base64,PHN2ZyB3aWR0aD0iMSIgaGVpZ2h0PSIxIiB4bWxucz0iaHR0cDovL3d3dy53My5vcmcvMjAwMC9zdmciPjwvc3ZnPg==\" class=\"lazyload\" style=\"--smush-placeholder-width: 2560px; --smush-placeholder-aspect-ratio: 2560\/1708;\">\n        <\/div>\n\n        <div class=\"service-section\">\n            <h2>Oculopl\u00e1stica, \u00d3rbita y V\u00edas Lagrimales<\/h2>\n            <p>Este servicio est\u00e1 enfocado en el diagn\u00f3stico y tratamiento de enfermedades que afectan los p\u00e1rpados, \u00f3rbitas y v\u00edas lagrimales. Nuestro equipo de especialistas realiza tanto procedimientos est\u00e9ticos como funcionales, siempre con los m\u00e1s altos est\u00e1ndares de calidad.<\/p>\n            <img decoding=\"async\" data-src=\"https:\/\/clinicasandiegocucuta.com\/SanDiego\/wp-content\/uploads\/2023\/02\/MA1_6006.jpg\" alt=\"Servicio de Oculopl\u00e1stica\" src=\"data:image\/svg+xml;base64,PHN2ZyB3aWR0aD0iMSIgaGVpZ2h0PSIxIiB4bWxucz0iaHR0cDovL3d3dy53My5vcmcvMjAwMC9zdmciPjwvc3ZnPg==\" class=\"lazyload\" style=\"--smush-placeholder-width: 1600px; --smush-placeholder-aspect-ratio: 1600\/1068;\">\n        <\/div>\n    <\/div>\n\n    <footer>\n        <p>&copy; 2024 Cl\u00ednica de Oftalmolog\u00eda San Diego. Todos los derechos reservados.<\/p>\n    <\/footer>\n<\/body>\n<\/div>\n","protected":false},"excerpt":{"rendered":"<p>Servicios de Oftalmolog\u00eda Retina y V\u00edtreo Nuestro servicio de Retina y V\u00edtreo cuenta con los \u00faltimos avances tecnol\u00f3gicos y m\u00e9dicos para el tratamiento de patolog\u00edas&hellip;<\/p>\n","protected":false},"author":1,"featured_media":0,"parent":0,"menu_order":0,"comment_status":"closed","ping_status":"closed","template":"","meta":{"_eb_attr":"","_uag_custom_page_level_css":"","footnotes":""},"class_list":["post-1752","page","type-page","status-publish","hentry"],"uagb_featured_image_src":{"full":false,"thumbnail":false,"medium":false,"medium_large":false,"large":false,"1536x1536":false,"2048x2048":false},"uagb_author_info":{"display_name":"AdminSanDiego","author_link":"https:\/\/clinicasandiegocucuta.com\/SanDiego\/author\/adminsandiego\/"},"uagb_comment_info":0,"uagb_excerpt":"Servicios de Oftalmolog\u00eda Retina y V\u00edtreo Nuestro servicio de Retina y V\u00edtreo cuenta con los \u00faltimos avances tecnol\u00f3gicos y m\u00e9dicos para el tratamiento de patolog\u00edas&hellip;","_links":{"self":[{"href":"https:\/\/clinicasandiegocucuta.com\/SanDiego\/wp-json\/wp\/v2\/pages\/1752","targetHints":{"allow":["GET"]}}],"collection":[{"href":"https:\/\/clinicasandiegocucuta.com\/SanDiego\/wp-json\/wp\/v2\/pages"}],"about":[{"href":"https:\/\/clinicasandiegocucuta.com\/SanDiego\/wp-json\/wp\/v2\/types\/page"}],"author":[{"embeddable":true,"href":"https:\/\/clinicasandiegocucuta.com\/SanDiego\/wp-json\/wp\/v2\/users\/1"}],"replies":[{"embeddable":true,"href":"https:\/\/clinicasandiegocucuta.com\/SanDiego\/wp-json\/wp\/v2\/comments?post=1752"}],"version-history":[{"count":7,"href":"https:\/\/clinicasandiegocucuta.com\/SanDiego\/wp-json\/wp\/v2\/pages\/1752\/revisions"}],"predecessor-version":[{"id":1764,"href":"https:\/\/clinicasandiegocucuta.com\/SanDiego\/wp-json\/wp\/v2\/pages\/1752\/revisions\/1764"}],"wp:attachment":[{"href":"https:\/\/clinicasandiegocucuta.com\/SanDiego\/wp-json\/wp\/v2\/media?parent=1752"}],"curies":[{"name":"wp","href":"https:\/\/api.w.org\/{rel}","templated":true}]}}