{"id":1797,"date":"2024-10-17T20:37:24","date_gmt":"2024-10-17T20:37:24","guid":{"rendered":"https:\/\/clinicasandiegocucuta.com\/SanDiego\/?page_id=1797"},"modified":"2024-10-17T20:45:40","modified_gmt":"2024-10-17T20:45:40","slug":"cirugia-plastica-ocular","status":"publish","type":"page","link":"https:\/\/clinicasandiegocucuta.com\/SanDiego\/cirugia-plastica-ocular\/","title":{"rendered":"Cirug\u00eda Pl\u00e1stica Ocular"},"content":{"rendered":"\n<div class=\"wp-block-uagb-container uagb-block-a4851764 alignfull uagb-is-root-container\"><div class=\"uagb-container-inner-blocks-wrap\">\n<figure class=\"wp-block-embed is-type-video is-provider-youtube wp-block-embed-youtube wp-embed-aspect-16-9 wp-has-aspect-ratio\"><div class=\"wp-block-embed__wrapper\">\n<iframe title=\"Cirug\u00eda Pl\u00e1stica Ocular,\" width=\"843\" height=\"474\" data-src=\"https:\/\/www.youtube.com\/embed\/3NZTBOQ2cN0?feature=oembed\" frameborder=\"0\" allow=\"accelerometer; autoplay; clipboard-write; encrypted-media; gyroscope; picture-in-picture; web-share\" referrerpolicy=\"strict-origin-when-cross-origin\" allowfullscreen src=\"data:image\/svg+xml;base64,PHN2ZyB3aWR0aD0iMSIgaGVpZ2h0PSIxIiB4bWxucz0iaHR0cDovL3d3dy53My5vcmcvMjAwMC9zdmciPjwvc3ZnPg==\" class=\"lazyload\" data-load-mode=\"1\"><\/iframe>\n<\/div><\/figure>\n\n\n\n<div class=\"wp-block-essential-blocks-text  root-eb-text-c5stc\"><div class=\"eb-parent-wrapper eb-parent-eb-text-c5stc \"><div class=\"eb-text-wrapper eb-text-c5stc\" data-id=\"eb-text-c5stc\"><p class=\"eb-text\">En la Cl\u00ednica de Oftalmolog\u00eda San Diego, nos enorgullece contar con un destacado equipo de especialistas en cirug\u00eda pl\u00e1stica ocular que brindan un servicio de calidad excepcional.<\/p><\/div><\/div><\/div>\n\n\n\n<div class=\"wp-block-uagb-container uagb-layout-grid uagb-block-391a7946\">\n<figure class=\"wp-block-image size-large\"><img fetchpriority=\"high\" decoding=\"async\" width=\"1335\" height=\"1336\" src=\"https:\/\/clinicasandiegocucuta.com\/SanDiego\/wp-content\/uploads\/2024\/10\/MA1_9838-edited.jpg\" alt=\"\" class=\"wp-image-1800\" srcset=\"https:\/\/clinicasandiegocucuta.com\/SanDiego\/wp-content\/uploads\/2024\/10\/MA1_9838-edited.jpg 1335w, https:\/\/clinicasandiegocucuta.com\/SanDiego\/wp-content\/uploads\/2024\/10\/MA1_9838-edited-300x300.jpg 300w, https:\/\/clinicasandiegocucuta.com\/SanDiego\/wp-content\/uploads\/2024\/10\/MA1_9838-edited-1024x1024.jpg 1024w, https:\/\/clinicasandiegocucuta.com\/SanDiego\/wp-content\/uploads\/2024\/10\/MA1_9838-edited-150x150.jpg 150w, https:\/\/clinicasandiegocucuta.com\/SanDiego\/wp-content\/uploads\/2024\/10\/MA1_9838-edited-768x769.jpg 768w\" sizes=\"(max-width: 1335px) 100vw, 1335px\" \/><\/figure>\n\n\n\n<figure class=\"wp-block-image size-large\"><img decoding=\"async\" width=\"1335\" height=\"1336\" data-src=\"https:\/\/clinicasandiegocucuta.com\/SanDiego\/wp-content\/uploads\/2024\/10\/MA1_0416-edited.jpg\" alt=\"\" class=\"wp-image-1799 lazyload\" data-srcset=\"https:\/\/clinicasandiegocucuta.com\/SanDiego\/wp-content\/uploads\/2024\/10\/MA1_0416-edited.jpg 1335w, https:\/\/clinicasandiegocucuta.com\/SanDiego\/wp-content\/uploads\/2024\/10\/MA1_0416-edited-300x300.jpg 300w, https:\/\/clinicasandiegocucuta.com\/SanDiego\/wp-content\/uploads\/2024\/10\/MA1_0416-edited-1024x1024.jpg 1024w, https:\/\/clinicasandiegocucuta.com\/SanDiego\/wp-content\/uploads\/2024\/10\/MA1_0416-edited-150x150.jpg 150w, https:\/\/clinicasandiegocucuta.com\/SanDiego\/wp-content\/uploads\/2024\/10\/MA1_0416-edited-768x769.jpg 768w\" data-sizes=\"(max-width: 1335px) 100vw, 1335px\" src=\"data:image\/svg+xml;base64,PHN2ZyB3aWR0aD0iMSIgaGVpZ2h0PSIxIiB4bWxucz0iaHR0cDovL3d3dy53My5vcmcvMjAwMC9zdmciPjwvc3ZnPg==\" style=\"--smush-placeholder-width: 1335px; --smush-placeholder-aspect-ratio: 1335\/1336;\" \/><\/figure>\n\n\n\n<div class=\"wp-block-essential-blocks-text  root-eb-text-ywjpn\"><div class=\"eb-parent-wrapper eb-parent-eb-text-ywjpn \"><div class=\"eb-text-wrapper eb-text-ywjpn\" data-id=\"eb-text-ywjpn\"><p class=\"eb-text\"><strong>Dra. Martha Janice Rodr\u00edguez Quintero:<\/strong><br>La Dra. Rodr\u00edguez Quintero es una oftalm\u00f3loga supra especialista en cirug\u00eda pl\u00e1stica ocular con una amplia experiencia y pasi\u00f3n por su trabajo. Su dedicaci\u00f3n y profesionalismo son evidentes en cada interacci\u00f3n con sus pacientes. Con su enfoque centrado en el paciente y su habilidad t\u00e9cnica excepcional, la Dra. Rodr\u00edguez Quintero se asegura de proporcionar resultados est\u00e9ticos y funcionales sobresalientes.<br><\/p><\/div><\/div><\/div>\n\n\n\n<div class=\"wp-block-essential-blocks-text  root-eb-text-z3hbu\"><div class=\"eb-parent-wrapper eb-parent-eb-text-z3hbu \"><div class=\"eb-text-wrapper eb-text-z3hbu\" data-id=\"eb-text-z3hbu\"><p class=\"eb-text\"><strong>Dra. Juliana Meneses P\u00e9rez:<\/strong><br>La Dra. Meneses P\u00e9rez es otra destacada oftalm\u00f3loga supra especialista en cirug\u00eda pl\u00e1stica ocular, oncolog\u00eda y \u00f3rbita. Su compromiso con la atenci\u00f3n integral del paciente se refleja en su constante actualizaci\u00f3n en los \u00faltimos avances de la cirug\u00eda pl\u00e1stica ocular. Con su enfoque y destreza quir\u00fargica, la Dra. Meneses P\u00e9rez se esfuerza por ofrecer resultados excepcionales y mejorar la calidad de vida de sus pacientes.<\/p><\/div><\/div><\/div>\n<\/div>\n\n\n\n<div class=\"wp-block-essential-blocks-text  root-eb-text-rd9je\"><div class=\"eb-parent-wrapper eb-parent-eb-text-rd9je \"><div class=\"eb-text-wrapper eb-text-rd9je\" data-id=\"eb-text-rd9je\"><p class=\"eb-text\">Si est\u00e1s considerando someterte a una cirug\u00eda pl\u00e1stica ocular, conf\u00eda en las manos expertas de la Dra. Martha Janice Rodr\u00edguez Quintero y la Dra. Juliana Meneses P\u00e9rez en la Cl\u00ednica de Oftalmolog\u00eda San Diego. Estaremos encantados de brindarte una experiencia segura, satisfactoria y transformadora.<br><br>\u00a1Cont\u00e1ctanos hoy mismo y descubre c\u00f3mo podemos ayudarte a lograr la apariencia y la funci\u00f3n ocular que deseas!<\/p><\/div><\/div><\/div>\n<\/div><\/div>\n\n\n\n<p><\/p>\n","protected":false},"excerpt":{"rendered":"","protected":false},"author":1,"featured_media":0,"parent":0,"menu_order":0,"comment_status":"closed","ping_status":"closed","template":"","meta":{"_eb_attr":"","_uag_custom_page_level_css":"","footnotes":""},"class_list":["post-1797","page","type-page","status-publish","hentry"],"uagb_featured_image_src":{"full":false,"thumbnail":false,"medium":false,"medium_large":false,"large":false,"1536x1536":false,"2048x2048":false},"uagb_author_info":{"display_name":"AdminSanDiego","author_link":"https:\/\/clinicasandiegocucuta.com\/SanDiego\/author\/adminsandiego\/"},"uagb_comment_info":0,"uagb_excerpt":null,"_links":{"self":[{"href":"https:\/\/clinicasandiegocucuta.com\/SanDiego\/wp-json\/wp\/v2\/pages\/1797","targetHints":{"allow":["GET"]}}],"collection":[{"href":"https:\/\/clinicasandiegocucuta.com\/SanDiego\/wp-json\/wp\/v2\/pages"}],"about":[{"href":"https:\/\/clinicasandiegocucuta.com\/SanDiego\/wp-json\/wp\/v2\/types\/page"}],"author":[{"embeddable":true,"href":"https:\/\/clinicasandiegocucuta.com\/SanDiego\/wp-json\/wp\/v2\/users\/1"}],"replies":[{"embeddable":true,"href":"https:\/\/clinicasandiegocucuta.com\/SanDiego\/wp-json\/wp\/v2\/comments?post=1797"}],"version-history":[{"count":3,"href":"https:\/\/clinicasandiegocucuta.com\/SanDiego\/wp-json\/wp\/v2\/pages\/1797\/revisions"}],"predecessor-version":[{"id":1805,"href":"https:\/\/clinicasandiegocucuta.com\/SanDiego\/wp-json\/wp\/v2\/pages\/1797\/revisions\/1805"}],"wp:attachment":[{"href":"https:\/\/clinicasandiegocucuta.com\/SanDiego\/wp-json\/wp\/v2\/media?parent=1797"}],"curies":[{"name":"wp","href":"https:\/\/api.w.org\/{rel}","templated":true}]}}