{"id":2010,"date":"2024-11-18T17:16:59","date_gmt":"2024-11-18T17:16:59","guid":{"rendered":"https:\/\/clinicasandiegocucuta.com\/SanDiego\/?page_id=2010"},"modified":"2024-11-18T17:23:57","modified_gmt":"2024-11-18T17:23:57","slug":"politicas-en-materia-de-gestion-de-riesgos-de-corrupcion-fraude-u-opacidad","status":"publish","type":"page","link":"https:\/\/clinicasandiegocucuta.com\/SanDiego\/politicas-en-materia-de-gestion-de-riesgos-de-corrupcion-fraude-u-opacidad\/","title":{"rendered":"POL\u00cdTICAS EN MATERIA DE GESTI\u00d3N DE RIESGOS DE CORRUPCI\u00d3N, FRAUDE U OPACIDAD"},"content":{"rendered":"<div class=\"wp-block-image\">\n<figure class=\"aligncenter size-large is-resized\"><img fetchpriority=\"high\" decoding=\"async\" width=\"1024\" height=\"684\" src=\"https:\/\/clinicasandiegocucuta.com\/SanDiego\/wp-content\/uploads\/2024\/11\/MA1_0042-1024x684.jpg\" alt=\"\" class=\"wp-image-2011\" style=\"width:621px;height:auto\" srcset=\"https:\/\/clinicasandiegocucuta.com\/SanDiego\/wp-content\/uploads\/2024\/11\/MA1_0042-1024x684.jpg 1024w, https:\/\/clinicasandiegocucuta.com\/SanDiego\/wp-content\/uploads\/2024\/11\/MA1_0042-300x200.jpg 300w, https:\/\/clinicasandiegocucuta.com\/SanDiego\/wp-content\/uploads\/2024\/11\/MA1_0042-768x513.jpg 768w, https:\/\/clinicasandiegocucuta.com\/SanDiego\/wp-content\/uploads\/2024\/11\/MA1_0042-1536x1025.jpg 1536w, https:\/\/clinicasandiegocucuta.com\/SanDiego\/wp-content\/uploads\/2024\/11\/MA1_0042.jpg 2000w\" sizes=\"(max-width: 1024px) 100vw, 1024px\" \/><\/figure><\/div>\n\n\n<hr class=\"wp-block-separator has-alpha-channel-opacity\"\/>\n\n\n\n<p>En la Sociedad de Oftalmolog\u00eda y Cirug\u00eda Pl\u00e1stica de C\u00facuta S.A. cada \u00e1rea es la encargada de identificar los riesgos de corrupci\u00f3n, opacidad y fraude de su proceso y lo documenta en la matriz de riesgos, donde se le realiza an\u00e1lisis, control y monitoreo a cada uno de los riesgos identificados.<\/p>\n\n\n\n<p>La pol\u00edtica institucional es de <strong>Cero Tolerancia<\/strong> frente a la Corrupci\u00f3n, la Opacidad y el Fraude y para ello, toma las medidas necesarias con el fin de combatir estos flagelos, buscando permanentemente implementar mecanismos, sistemas y controles adecuados que permitan su prevenci\u00f3n, detecci\u00f3n y tratamiento.<\/p>\n\n\n\n<h2 class=\"wp-block-heading\">Lineamientos:<\/h2>\n\n\n\n<ol class=\"wp-block-list\">\n<li><strong>Los accionistas, la alta gerencia, colaboradores y\/o prestadores de servicios<\/strong>, no participan en ninguna forma de fraude, soborno o pr\u00e1ctica de corrupci\u00f3n, directa o indirectamente y toman las medidas necesarias para combatirlos, independientemente de cualquier forma o tipolog\u00eda de la que se trate.<\/li>\n\n\n\n<li>La compa\u00f1\u00eda establece y promueve dentro de toda la organizaci\u00f3n, una <strong>cultura institucional<\/strong> encaminada a fortalecer la transparencia como valor y principio de toda actuaci\u00f3n.<\/li>\n\n\n\n<li>A trav\u00e9s del <strong>C\u00f3digo de \u00c9tica y Buen Gobierno<\/strong>, se definen las reglas de conducta con el fin de prevenir la promoci\u00f3n de cualquier forma de Corrupci\u00f3n, Opacidad y Fraude, y de manejar adecuadamente el otorgamiento y recepci\u00f3n de regalos, invitaciones y\/o favores (hospitalidades).<\/li>\n\n\n\n<li>No mantiene relaciones de ning\u00fan tipo con accionistas, la alta gerencia, colaboradores y\/o prestadores de servicios, proveedores o terceros que hayan sido condenados por actividades il\u00edcitas relacionadas con el fraude, la corrupci\u00f3n o el soborno.<\/li>\n\n\n\n<li>No tolera que sus accionistas y dem\u00e1s colaboradores, y\/o prestadores de servicios, proveedores, contratistas y cualquier tercero que tenga relacionamiento con la compa\u00f1\u00eda, obtengan resultados econ\u00f3micos, comerciales o de cualquier otra \u00edndole, a cambio de violar la ley o actuar de manera deshonesta.<\/li>\n\n\n\n<li>Adopta un <strong>enfoque preventivo<\/strong>, de tal forma que las vulnerabilidades son minimizadas desde su origen, a trav\u00e9s de adecuados criterios de dise\u00f1o organizacional y programas de transformaci\u00f3n cultural.<\/li>\n\n\n\n<li>Segmenta, identifica, mide, controla y monitorea los factores de riesgo relacionados con el <strong>Riesgo de Corrupci\u00f3n, la Opacidad y el Fraude<\/strong>, y eval\u00faa sistem\u00e1tica y peri\u00f3dicamente la exposici\u00f3n a los riesgos relacionados con estos delitos, con el fin de implementar medidas administrativas efectivas.<\/li>\n\n\n\n<li>La compa\u00f1\u00eda tiene a disposici\u00f3n de todos los grupos de inter\u00e9s (proveedores, clientes, contratistas y trabajadores) la <strong>L\u00ednea \u00c9tica<\/strong>, para la recepci\u00f3n y registro de denuncias por posibles actos indebidos cometidos por parte de sus colaboradores, prestadores de servicios y\/o dem\u00e1s grupos de inter\u00e9s.<\/li>\n\n\n\n<li>Gestiona de forma oportuna todas las denuncias de actos relacionados con el riesgo de Corrupci\u00f3n, la Opacidad y el Fraude, independientemente de su cuant\u00eda o del personal involucrado, garantizando <strong>confidencialidad, objetividad, no represalia, respeto, transparencia, independencia y autonom\u00eda<\/strong> de los responsables de las evaluaciones.<\/li>\n\n\n\n<li>Ning\u00fan denunciante sufrir\u00e1 consecuencias negativas por prevenir, rechazar o denunciar actos de esta naturaleza. Cuando sea procedente, la compa\u00f1\u00eda pondr\u00e1 en conocimiento de las autoridades competentes toda conducta que contrar\u00ede lo previsto en estos lineamientos e igualmente emprender\u00e1 y acompa\u00f1ar\u00e1 las acciones judiciales que sean pertinentes.<\/li>\n\n\n\n<li>Toda persona puede reportar su denuncia de manera <strong>an\u00f3nima<\/strong> si as\u00ed lo desea. Para los denunciantes que desean aportar sus datos personales, en todo momento se garantizar\u00e1 la confidencialidad de la informaci\u00f3n; para ello, los procesos de investigaci\u00f3n o reportes no mencionar\u00e1n, indicar\u00e1n o insinuar\u00e1n a la persona denunciante.<\/li>\n<\/ol>\n\n\n\n<hr class=\"wp-block-separator has-alpha-channel-opacity\"\/>\n\n\n\n<p>En la Sociedad de Oftalmolog\u00eda y Cirug\u00eda Pl\u00e1stica de C\u00facuta S.A., estamos comprometidos con la <strong>transparencia y la integridad<\/strong> en todos nuestros procesos. Si desea reportar un presunto caso de corrupci\u00f3n, fraude u opacidad, ponemos a su disposici\u00f3n nuestra <strong>l\u00ednea anticorrupci\u00f3n<\/strong>. Puede acceder a este canal de denuncia de manera confidencial a trav\u00e9s del siguiente enlace: <a href=\"https:\/\/clinicasandiegocucuta.com\/SanDiego\/linea-etica\/\">L\u00ednea \u00c9tica<\/a>.<\/p>\n\n\n\n<h2 class=\"wp-block-heading\">Vigencia<\/h2>\n\n\n\n<p>La presente pol\u00edtica entra en vigencia a partir de mayo de 2024.<\/p>\n\n\n\n<p><strong>Pol\u00edtica aprobada por:<\/strong><br>Junta Directiva<br>Sociedad de Oftalmolog\u00eda y Cirug\u00eda Pl\u00e1stica de C\u00facuta S.A.<\/p>\n\n\n\n<hr class=\"wp-block-separator has-alpha-channel-opacity\"\/>\n\n\n\n<p><\/p>\n","protected":false},"excerpt":{"rendered":"<p>En la Sociedad de Oftalmolog\u00eda y Cirug\u00eda Pl\u00e1stica de C\u00facuta S.A. cada \u00e1rea es la encargada de identificar los riesgos de corrupci\u00f3n, opacidad y fraude&hellip;<\/p>\n","protected":false},"author":1,"featured_media":2011,"parent":0,"menu_order":0,"comment_status":"closed","ping_status":"closed","template":"","meta":{"_eb_attr":"","_uag_custom_page_level_css":"","footnotes":""},"class_list":["post-2010","page","type-page","status-publish","has-post-thumbnail","hentry"],"uagb_featured_image_src":{"full":["https:\/\/clinicasandiegocucuta.com\/SanDiego\/wp-content\/uploads\/2024\/11\/MA1_0042.jpg",2000,1335,false],"thumbnail":["https:\/\/clinicasandiegocucuta.com\/SanDiego\/wp-content\/uploads\/2024\/11\/MA1_0042-150x150.jpg",150,150,true],"medium":["https:\/\/clinicasandiegocucuta.com\/SanDiego\/wp-content\/uploads\/2024\/11\/MA1_0042-300x200.jpg",300,200,true],"medium_large":["https:\/\/clinicasandiegocucuta.com\/SanDiego\/wp-content\/uploads\/2024\/11\/MA1_0042-768x513.jpg",768,513,true],"large":["https:\/\/clinicasandiegocucuta.com\/SanDiego\/wp-content\/uploads\/2024\/11\/MA1_0042-1024x684.jpg",843,563,true],"1536x1536":["https:\/\/clinicasandiegocucuta.com\/SanDiego\/wp-content\/uploads\/2024\/11\/MA1_0042-1536x1025.jpg",1536,1025,true],"2048x2048":["https:\/\/clinicasandiegocucuta.com\/SanDiego\/wp-content\/uploads\/2024\/11\/MA1_0042.jpg",2000,1335,false]},"uagb_author_info":{"display_name":"AdminSanDiego","author_link":"https:\/\/clinicasandiegocucuta.com\/SanDiego\/author\/adminsandiego\/"},"uagb_comment_info":0,"uagb_excerpt":"En la Sociedad de Oftalmolog\u00eda y Cirug\u00eda Pl\u00e1stica de C\u00facuta S.A. cada \u00e1rea es la encargada de identificar los riesgos de corrupci\u00f3n, opacidad y fraude&hellip;","_links":{"self":[{"href":"https:\/\/clinicasandiegocucuta.com\/SanDiego\/wp-json\/wp\/v2\/pages\/2010","targetHints":{"allow":["GET"]}}],"collection":[{"href":"https:\/\/clinicasandiegocucuta.com\/SanDiego\/wp-json\/wp\/v2\/pages"}],"about":[{"href":"https:\/\/clinicasandiegocucuta.com\/SanDiego\/wp-json\/wp\/v2\/types\/page"}],"author":[{"embeddable":true,"href":"https:\/\/clinicasandiegocucuta.com\/SanDiego\/wp-json\/wp\/v2\/users\/1"}],"replies":[{"embeddable":true,"href":"https:\/\/clinicasandiegocucuta.com\/SanDiego\/wp-json\/wp\/v2\/comments?post=2010"}],"version-history":[{"count":2,"href":"https:\/\/clinicasandiegocucuta.com\/SanDiego\/wp-json\/wp\/v2\/pages\/2010\/revisions"}],"predecessor-version":[{"id":2015,"href":"https:\/\/clinicasandiegocucuta.com\/SanDiego\/wp-json\/wp\/v2\/pages\/2010\/revisions\/2015"}],"wp:featuredmedia":[{"embeddable":true,"href":"https:\/\/clinicasandiegocucuta.com\/SanDiego\/wp-json\/wp\/v2\/media\/2011"}],"wp:attachment":[{"href":"https:\/\/clinicasandiegocucuta.com\/SanDiego\/wp-json\/wp\/v2\/media?parent=2010"}],"curies":[{"name":"wp","href":"https:\/\/api.w.org\/{rel}","templated":true}]}}