{"id":2112,"date":"2025-04-03T14:22:02","date_gmt":"2025-04-03T14:22:02","guid":{"rendered":"https:\/\/clinicasandiegocucuta.com\/SanDiego\/?page_id=2112"},"modified":"2025-04-11T12:57:00","modified_gmt":"2025-04-11T12:57:00","slug":"usuario","status":"publish","type":"page","link":"https:\/\/clinicasandiegocucuta.com\/SanDiego\/usuario\/","title":{"rendered":"Usuario"},"content":{"rendered":"\t\t<div data-elementor-type=\"wp-page\" data-elementor-id=\"2112\" class=\"elementor elementor-2112\" data-elementor-post-type=\"page\">\n\t\t\t\t\t\t<section class=\"elementor-section elementor-top-section elementor-element elementor-element-44c43166 elementor-section-content-middle elementor-section-boxed elementor-section-height-default elementor-section-height-default\" data-id=\"44c43166\" data-element_type=\"section\">\n\t\t\t\t\t\t<div class=\"elementor-container elementor-column-gap-no\">\n\t\t\t\t\t<div class=\"elementor-column elementor-col-100 elementor-top-column elementor-element elementor-element-1633a676\" data-id=\"1633a676\" data-element_type=\"column\">\n\t\t\t<div class=\"elementor-widget-wrap elementor-element-populated\">\n\t\t\t\t\t\t<div class=\"elementor-element elementor-element-6a7729f8 elementor-widget elementor-widget-heading\" data-id=\"6a7729f8\" data-element_type=\"widget\" data-widget_type=\"heading.default\">\n\t\t\t\t<div class=\"elementor-widget-container\">\n\t\t\t\t\t<h2 class=\"elementor-heading-title elementor-size-default\">Autogesti\u00f3n de Usuario<\/h2>\t\t\t\t<\/div>\n\t\t\t\t<\/div>\n\t\t\t\t<section class=\"elementor-section elementor-inner-section elementor-element elementor-element-2f7dbb9c elementor-section-boxed elementor-section-height-default elementor-section-height-default\" data-id=\"2f7dbb9c\" data-element_type=\"section\">\n\t\t\t\t\t\t<div class=\"elementor-container elementor-column-gap-wider\">\n\t\t\t\t\t<div class=\"elementor-column elementor-col-33 elementor-inner-column elementor-element elementor-element-5185b7dc\" data-id=\"5185b7dc\" data-element_type=\"column\">\n\t\t\t<div class=\"elementor-widget-wrap elementor-element-populated\">\n\t\t\t\t\t\t<div class=\"elementor-element elementor-element-4187c097 elementor-view-stacked elementor-shape-circle elementor-position-top elementor-mobile-position-top elementor-widget elementor-widget-icon-box\" data-id=\"4187c097\" data-element_type=\"widget\" data-widget_type=\"icon-box.default\">\n\t\t\t\t<div class=\"elementor-widget-container\">\n\t\t\t\t\t\t\t<div class=\"elementor-icon-box-wrapper\">\n\n\t\t\t\t\t\t<div class=\"elementor-icon-box-icon\">\n\t\t\t\t<a href=\"https:\/\/app.clinicasandiegocucuta.com\/auth\/\" target=\"_blank\" class=\"elementor-icon elementor-animation-grow\" tabindex=\"-1\" aria-label=\"Solicitud de Citas\">\n\t\t\t\t<i aria-hidden=\"true\" class=\"fas fa-user-edit\"><\/i>\t\t\t\t<\/a>\n\t\t\t<\/div>\n\t\t\t\n\t\t\t\t\t\t<div class=\"elementor-icon-box-content\">\n\n\t\t\t\t\t\t\t\t\t<h3 class=\"elementor-icon-box-title\">\n\t\t\t\t\t\t<a href=\"https:\/\/app.clinicasandiegocucuta.com\/auth\/\" target=\"_blank\" >\n\t\t\t\t\t\t\tSolicitud de Citas\t\t\t\t\t\t<\/a>\n\t\t\t\t\t<\/h3>\n\t\t\t\t\n\t\t\t\t\t\t\t\t\t<p class=\"elementor-icon-box-description\">\n\t\t\t\t\t\t\"En este m\u00f3dulo, el paciente puede realizar solicitudes de citas m\u00e9dicas y ex\u00e1menes seg\u00fan sus necesidades, de manera r\u00e1pida y sencilla.\"\t\t\t\t\t<\/p>\n\t\t\t\t\n\t\t\t<\/div>\n\t\t\t\n\t\t<\/div>\n\t\t\t\t\t\t<\/div>\n\t\t\t\t<\/div>\n\t\t\t\t\t<\/div>\n\t\t<\/div>\n\t\t\t\t<div class=\"elementor-column elementor-col-33 elementor-inner-column elementor-element elementor-element-670d563f\" data-id=\"670d563f\" data-element_type=\"column\">\n\t\t\t<div class=\"elementor-widget-wrap elementor-element-populated\">\n\t\t\t\t\t\t<div class=\"elementor-element elementor-element-543f953 elementor-view-stacked elementor-shape-circle elementor-position-top elementor-mobile-position-top elementor-widget elementor-widget-icon-box\" data-id=\"543f953\" data-element_type=\"widget\" data-widget_type=\"icon-box.default\">\n\t\t\t\t<div class=\"elementor-widget-container\">\n\t\t\t\t\t\t\t<div class=\"elementor-icon-box-wrapper\">\n\n\t\t\t\t\t\t<div class=\"elementor-icon-box-icon\">\n\t\t\t\t<a href=\"https:\/\/siis08.simde.com.co\/SIIS_SANDIEGO\/programas\/AgendaVirtual\/\" target=\"_blank\" class=\"elementor-icon elementor-animation-grow\" tabindex=\"-1\" aria-label=\"Mi Espacio de Salud\">\n\t\t\t\t<i aria-hidden=\"true\" class=\"fas fa-user-md\"><\/i>\t\t\t\t<\/a>\n\t\t\t<\/div>\n\t\t\t\n\t\t\t\t\t\t<div class=\"elementor-icon-box-content\">\n\n\t\t\t\t\t\t\t\t\t<h3 class=\"elementor-icon-box-title\">\n\t\t\t\t\t\t<a href=\"https:\/\/siis08.simde.com.co\/SIIS_SANDIEGO\/programas\/AgendaVirtual\/\" target=\"_blank\" >\n\t\t\t\t\t\t\tMi Espacio de Salud\t\t\t\t\t\t<\/a>\n\t\t\t\t\t<\/h3>\n\t\t\t\t\n\t\t\t\t\t\t\t\t\t<p class=\"elementor-icon-box-description\">\n\t\t\t\t\t\t\"En este m\u00f3dulo, el usuario puede acceder y descargar su historial m\u00e9dico, as\u00ed como consultar y gestionar las solicitudes generadas.\"\t\t\t\t\t<\/p>\n\t\t\t\t\n\t\t\t<\/div>\n\t\t\t\n\t\t<\/div>\n\t\t\t\t\t\t<\/div>\n\t\t\t\t<\/div>\n\t\t\t\t\t<\/div>\n\t\t<\/div>\n\t\t\t\t<div class=\"elementor-column elementor-col-33 elementor-inner-column elementor-element elementor-element-5df0f6b7\" data-id=\"5df0f6b7\" data-element_type=\"column\">\n\t\t\t<div class=\"elementor-widget-wrap elementor-element-populated\">\n\t\t\t\t\t\t<div class=\"elementor-element elementor-element-47c82f11 elementor-view-stacked elementor-shape-circle elementor-position-top elementor-mobile-position-top elementor-widget elementor-widget-icon-box\" data-id=\"47c82f11\" data-element_type=\"widget\" data-widget_type=\"icon-box.default\">\n\t\t\t\t<div class=\"elementor-widget-container\">\n\t\t\t\t\t\t\t<div class=\"elementor-icon-box-wrapper\">\n\n\t\t\t\t\t\t<div class=\"elementor-icon-box-icon\">\n\t\t\t\t<span  class=\"elementor-icon elementor-animation-grow\">\n\t\t\t\t<i aria-hidden=\"true\" class=\"far fa-check-circle\"><\/i>\t\t\t\t<\/span>\n\t\t\t<\/div>\n\t\t\t\n\t\t\t\t\t\t<div class=\"elementor-icon-box-content\">\n\n\t\t\t\t\t\t\t\t\t<h3 class=\"elementor-icon-box-title\">\n\t\t\t\t\t\t<span  >\n\t\t\t\t\t\t\tActualiza tus Datos\t\t\t\t\t\t<\/span>\n\t\t\t\t\t<\/h3>\n\t\t\t\t\n\t\t\t\t\t\t\t\t\t<p class=\"elementor-icon-box-description\">\n\t\t\t\t\t\t\"En este m\u00f3dulo, el usuario puede acceder  para actualizar su informaci\u00f3n  y asegurarse de que sus datos est\u00e9n siempre al d\u00eda.\"\t\t\t\t\t<\/p>\n\t\t\t\t\n\t\t\t<\/div>\n\t\t\t\n\t\t<\/div>\n\t\t\t\t\t\t<\/div>\n\t\t\t\t<\/div>\n\t\t\t\t\t<\/div>\n\t\t<\/div>\n\t\t\t\t\t<\/div>\n\t\t<\/section>\n\t\t\t\t\t<\/div>\n\t\t<\/div>\n\t\t\t\t\t<\/div>\n\t\t<\/section>\n\t\t\t\t<\/div>\n\t\t","protected":false},"excerpt":{"rendered":"<p>Autogesti\u00f3n de Usuario Solicitud de Citas \u00abEn este m\u00f3dulo, el paciente puede realizar solicitudes de citas m\u00e9dicas y ex\u00e1menes seg\u00fan sus necesidades, de manera r\u00e1pida&hellip;<\/p>\n","protected":false},"author":1,"featured_media":0,"parent":0,"menu_order":0,"comment_status":"closed","ping_status":"closed","template":"","meta":{"_eb_attr":"","_uag_custom_page_level_css":"","footnotes":""},"class_list":["post-2112","page","type-page","status-publish","hentry"],"uagb_featured_image_src":{"full":false,"thumbnail":false,"medium":false,"medium_large":false,"large":false,"1536x1536":false,"2048x2048":false},"uagb_author_info":{"display_name":"AdminSanDiego","author_link":"https:\/\/clinicasandiegocucuta.com\/SanDiego\/author\/adminsandiego\/"},"uagb_comment_info":0,"uagb_excerpt":"Autogesti\u00f3n de Usuario Solicitud de Citas \u00abEn este m\u00f3dulo, el paciente puede realizar solicitudes de citas m\u00e9dicas y ex\u00e1menes seg\u00fan sus necesidades, de manera r\u00e1pida&hellip;","_links":{"self":[{"href":"https:\/\/clinicasandiegocucuta.com\/SanDiego\/wp-json\/wp\/v2\/pages\/2112","targetHints":{"allow":["GET"]}}],"collection":[{"href":"https:\/\/clinicasandiegocucuta.com\/SanDiego\/wp-json\/wp\/v2\/pages"}],"about":[{"href":"https:\/\/clinicasandiegocucuta.com\/SanDiego\/wp-json\/wp\/v2\/types\/page"}],"author":[{"embeddable":true,"href":"https:\/\/clinicasandiegocucuta.com\/SanDiego\/wp-json\/wp\/v2\/users\/1"}],"replies":[{"embeddable":true,"href":"https:\/\/clinicasandiegocucuta.com\/SanDiego\/wp-json\/wp\/v2\/comments?post=2112"}],"version-history":[{"count":23,"href":"https:\/\/clinicasandiegocucuta.com\/SanDiego\/wp-json\/wp\/v2\/pages\/2112\/revisions"}],"predecessor-version":[{"id":2154,"href":"https:\/\/clinicasandiegocucuta.com\/SanDiego\/wp-json\/wp\/v2\/pages\/2112\/revisions\/2154"}],"wp:attachment":[{"href":"https:\/\/clinicasandiegocucuta.com\/SanDiego\/wp-json\/wp\/v2\/media?parent=2112"}],"curies":[{"name":"wp","href":"https:\/\/api.w.org\/{rel}","templated":true}]}}