{"id":270,"date":"2022-05-19T17:09:49","date_gmt":"2022-05-19T17:09:49","guid":{"rendered":"https:\/\/clinicasandiegocucuta.com\/SanDiego\/?page_id=270"},"modified":"2023-07-31T05:22:23","modified_gmt":"2023-07-31T05:22:23","slug":"cirugias","status":"publish","type":"page","link":"https:\/\/clinicasandiegocucuta.com\/SanDiego\/cirugias\/","title":{"rendered":"Cirugias"},"content":{"rendered":"\t\t<div data-elementor-type=\"wp-page\" data-elementor-id=\"270\" class=\"elementor elementor-270\" data-elementor-post-type=\"page\">\n\t\t\t\t\t\t<section class=\"elementor-section elementor-top-section elementor-element elementor-element-cc08de5 elementor-section-boxed elementor-section-height-default elementor-section-height-default\" data-id=\"cc08de5\" data-element_type=\"section\" data-settings=\"{&quot;background_background&quot;:&quot;classic&quot;}\">\n\t\t\t\t\t\t<div class=\"elementor-container elementor-column-gap-default\">\n\t\t\t\t\t<div class=\"elementor-column elementor-col-100 elementor-top-column elementor-element elementor-element-8ccb66e\" data-id=\"8ccb66e\" data-element_type=\"column\">\n\t\t\t<div class=\"elementor-widget-wrap elementor-element-populated\">\n\t\t\t\t\t\t<div class=\"elementor-element elementor-element-14185df elementor-widget elementor-widget-heading\" data-id=\"14185df\" data-element_type=\"widget\" data-widget_type=\"heading.default\">\n\t\t\t\t<div class=\"elementor-widget-container\">\n\t\t\t\t\t<h1 class=\"elementor-heading-title elementor-size-default\">CIRUG\u00cdAS<\/h1>\t\t\t\t<\/div>\n\t\t\t\t<\/div>\n\t\t\t\t<section class=\"elementor-section elementor-inner-section elementor-element elementor-element-c9e9e0b elementor-section-boxed elementor-section-height-default elementor-section-height-default\" data-id=\"c9e9e0b\" data-element_type=\"section\">\n\t\t\t\t\t\t<div class=\"elementor-container elementor-column-gap-default\">\n\t\t\t\t\t<div class=\"elementor-column elementor-col-50 elementor-inner-column elementor-element elementor-element-1c9398c\" data-id=\"1c9398c\" data-element_type=\"column\">\n\t\t\t<div class=\"elementor-widget-wrap elementor-element-populated\">\n\t\t\t\t\t\t<div class=\"elementor-element elementor-element-d82661c elementor-widget elementor-widget-image\" data-id=\"d82661c\" data-element_type=\"widget\" data-widget_type=\"image.default\">\n\t\t\t\t<div class=\"elementor-widget-container\">\n\t\t\t\t\t\t\t\t\t\t\t\t\t\t\t<img fetchpriority=\"high\" decoding=\"async\" width=\"807\" height=\"1024\" src=\"https:\/\/clinicasandiegocucuta.com\/SanDiego\/wp-content\/uploads\/2022\/05\/233-807x1024.jpg\" class=\"attachment-large size-large wp-image-272\" alt=\"\" srcset=\"https:\/\/clinicasandiegocucuta.com\/SanDiego\/wp-content\/uploads\/2022\/05\/233-807x1024.jpg 807w, https:\/\/clinicasandiegocucuta.com\/SanDiego\/wp-content\/uploads\/2022\/05\/233-600x761.jpg 600w, https:\/\/clinicasandiegocucuta.com\/SanDiego\/wp-content\/uploads\/2022\/05\/233-237x300.jpg 237w, https:\/\/clinicasandiegocucuta.com\/SanDiego\/wp-content\/uploads\/2022\/05\/233-768x974.jpg 768w, https:\/\/clinicasandiegocucuta.com\/SanDiego\/wp-content\/uploads\/2022\/05\/233.jpg 1200w\" sizes=\"(max-width: 807px) 100vw, 807px\" \/>\t\t\t\t\t\t\t\t\t\t\t\t\t\t\t<\/div>\n\t\t\t\t<\/div>\n\t\t\t\t\t<\/div>\n\t\t<\/div>\n\t\t\t\t<div class=\"elementor-column elementor-col-50 elementor-inner-column elementor-element elementor-element-976c628\" data-id=\"976c628\" data-element_type=\"column\" data-settings=\"{&quot;background_background&quot;:&quot;classic&quot;}\">\n\t\t\t<div class=\"elementor-widget-wrap elementor-element-populated\">\n\t\t\t\t\t\t<div class=\"elementor-element elementor-element-44cee20 elementor-widget elementor-widget-text-editor\" data-id=\"44cee20\" data-element_type=\"widget\" data-widget_type=\"text-editor.default\">\n\t\t\t\t<div class=\"elementor-widget-container\">\n\t\t\t\t\t\t\t\t\t<h3 style=\"text-align: center;\">Nuestra cl\u00ednica San Diego de C\u00facuta cuenta con 2 quir\u00f3fanos dotados con tecnolog\u00eda de punta y las respectivas especificaciones exigidas por la normatividad nacional de garant\u00eda de la calidad en salud..<\/h3>\t\t\t\t\t\t\t\t<\/div>\n\t\t\t\t<\/div>\n\t\t\t\t\t<\/div>\n\t\t<\/div>\n\t\t\t\t\t<\/div>\n\t\t<\/section>\n\t\t\t\t\t<\/div>\n\t\t<\/div>\n\t\t\t\t\t<\/div>\n\t\t<\/section>\n\t\t\t\t<section class=\"elementor-section elementor-top-section elementor-element elementor-element-953ecd1 elementor-section-boxed elementor-section-height-default elementor-section-height-default\" data-id=\"953ecd1\" data-element_type=\"section\" data-settings=\"{&quot;background_background&quot;:&quot;classic&quot;}\">\n\t\t\t\t\t\t<div class=\"elementor-container elementor-column-gap-default\">\n\t\t\t\t\t<div class=\"elementor-column elementor-col-33 elementor-top-column elementor-element elementor-element-c60eca8\" data-id=\"c60eca8\" data-element_type=\"column\">\n\t\t\t<div class=\"elementor-widget-wrap elementor-element-populated\">\n\t\t\t\t\t\t<div class=\"elementor-element elementor-element-69817d3 elementor-widget elementor-widget-heading\" data-id=\"69817d3\" data-element_type=\"widget\" data-widget_type=\"heading.default\">\n\t\t\t\t<div class=\"elementor-widget-container\">\n\t\t\t\t\t<h2 class=\"elementor-heading-title elementor-size-default\">Cirug\u00eda oftalmol\u00f3gica<\/h2>\t\t\t\t<\/div>\n\t\t\t\t<\/div>\n\t\t\t\t<div class=\"elementor-element elementor-element-87381c7 elementor-widget elementor-widget-text-editor\" data-id=\"87381c7\" data-element_type=\"widget\" data-widget_type=\"text-editor.default\">\n\t\t\t\t<div class=\"elementor-widget-container\">\n\t\t\t\t\t\t\t\t\t<ul><li><span style=\"color: #ffffff;\"><strong><span class=\"elementor-icon-list-text\">Glaucoma<\/span><\/strong><\/span><\/li><li><span style=\"color: #ffffff;\"><strong><span class=\"elementor-icon-list-text\">Estrabismo<\/span><\/strong><\/span><\/li><li><span style=\"color: #ffffff;\"><strong><span class=\"elementor-icon-list-text\">Retina y Vitreo<\/span><\/strong><\/span><\/li><li><span style=\"color: #ffffff;\"><strong><span class=\"elementor-icon-list-text\">Oftalmopediatr\u00eda<\/span><\/strong><\/span><\/li><li><span style=\"color: #ffffff;\"><strong><span class=\"elementor-icon-list-text\">Trasplante de c\u00f3rnea<\/span><\/strong><\/span><\/li><li><span style=\"color: #ffffff;\"><strong><span class=\"elementor-icon-list-text\">Oculopl\u00e1stica, v\u00edas lagrimales y orbita<\/span><\/strong><\/span><\/li><li><span style=\"color: #ffffff;\"><strong><span class=\"elementor-icon-list-text\">Procedimientos de oftalmolog\u00eda con anestesia general<\/span><\/strong><\/span><\/li><\/ul>\t\t\t\t\t\t\t\t<\/div>\n\t\t\t\t<\/div>\n\t\t\t\t\t<\/div>\n\t\t<\/div>\n\t\t\t\t<div class=\"elementor-column elementor-col-33 elementor-top-column elementor-element elementor-element-3d2fead\" data-id=\"3d2fead\" data-element_type=\"column\">\n\t\t\t<div class=\"elementor-widget-wrap elementor-element-populated\">\n\t\t\t\t\t\t<div class=\"elementor-element elementor-element-de5b3f5 elementor-widget elementor-widget-heading\" data-id=\"de5b3f5\" data-element_type=\"widget\" data-widget_type=\"heading.default\">\n\t\t\t\t<div class=\"elementor-widget-container\">\n\t\t\t\t\t<h2 class=\"elementor-heading-title elementor-size-default\">Cirug\u00eda Pl\u00e1stica Ocular<\/h2>\t\t\t\t<\/div>\n\t\t\t\t<\/div>\n\t\t\t\t<div class=\"elementor-element elementor-element-8db169b elementor-widget elementor-widget-text-editor\" data-id=\"8db169b\" data-element_type=\"widget\" data-widget_type=\"text-editor.default\">\n\t\t\t\t<div class=\"elementor-widget-container\">\n\t\t\t\t\t\t\t\t\t<ul><li><span style=\"color: #ffffff;\"><strong>\u00d3rbita<\/strong><\/span><\/li><li><span style=\"color: #ffffff;\"><strong>Conjuntiva<\/strong><\/span><\/li><li><span style=\"color: #ffffff;\"><strong>V\u00edas lagrimales<\/strong><\/span><\/li><li><span style=\"color: #ffffff;\"><strong>Adaptaci\u00f3n pr\u00f3tesis <\/strong><strong>oculares<\/strong><\/span><\/li><li><span style=\"color: #ffffff;\"><strong>Cirug\u00eda reconstructiva de parpados<\/strong><\/span><\/li><li><span style=\"color: #ffffff;\"><strong>Manejo de tumores benignos y malignos<\/strong><\/span><\/li><li><span style=\"color: #ffffff;\"><strong>Manejo de patolog\u00edas funcionales con toxina botul\u00ednica<\/strong><\/span><\/li><\/ul>\t\t\t\t\t\t\t\t<\/div>\n\t\t\t\t<\/div>\n\t\t\t\t\t<\/div>\n\t\t<\/div>\n\t\t\t\t<div class=\"elementor-column elementor-col-33 elementor-top-column elementor-element elementor-element-7eafa10\" data-id=\"7eafa10\" data-element_type=\"column\">\n\t\t\t<div class=\"elementor-widget-wrap elementor-element-populated\">\n\t\t\t\t\t\t<div class=\"elementor-element elementor-element-acb0d40 elementor-widget elementor-widget-heading\" data-id=\"acb0d40\" data-element_type=\"widget\" data-widget_type=\"heading.default\">\n\t\t\t\t<div class=\"elementor-widget-container\">\n\t\t\t\t\t<h2 class=\"elementor-heading-title elementor-size-default\">Cirug\u00eda de Otorrinolaringolog\u00eda<\/h2>\t\t\t\t<\/div>\n\t\t\t\t<\/div>\n\t\t\t\t<div class=\"elementor-element elementor-element-76ef0a2 elementor-widget elementor-widget-text-editor\" data-id=\"76ef0a2\" data-element_type=\"widget\" data-widget_type=\"text-editor.default\">\n\t\t\t\t<div class=\"elementor-widget-container\">\n\t\t\t\t\t\t\t\t\t<ul><li><span style=\"color: #ffffff;\"><strong>Cirug\u00eda de o\u00eddo<\/strong><\/span><\/li><li><span style=\"color: #ffffff;\"><strong>Cirug\u00eda lar\u00edngeas<\/strong><\/span><\/li><li><span style=\"color: #ffffff;\"><strong>Implantes cocleares<\/strong><\/span><\/li><li><span style=\"color: #ffffff;\"><strong>Cirug\u00eda nasal <\/strong><\/span><\/li><li><span style=\"color: #ffffff;\"><strong>Funcionales y endoscopias.<\/strong><\/span><\/li><\/ul>\t\t\t\t\t\t\t\t<\/div>\n\t\t\t\t<\/div>\n\t\t\t\t\t<\/div>\n\t\t<\/div>\n\t\t\t\t\t<\/div>\n\t\t<\/section>\n\t\t\t\t<section class=\"elementor-section elementor-top-section elementor-element elementor-element-2379bd4 elementor-section-boxed elementor-section-height-default elementor-section-height-default\" data-id=\"2379bd4\" data-element_type=\"section\" data-settings=\"{&quot;background_background&quot;:&quot;classic&quot;}\">\n\t\t\t\t\t\t<div class=\"elementor-container elementor-column-gap-default\">\n\t\t\t\t\t<div class=\"elementor-column elementor-col-100 elementor-top-column elementor-element elementor-element-54ba9f0\" data-id=\"54ba9f0\" data-element_type=\"column\" data-settings=\"{&quot;background_background&quot;:&quot;classic&quot;}\">\n\t\t\t<div class=\"elementor-widget-wrap elementor-element-populated\">\n\t\t\t\t\t\t<div class=\"elementor-element elementor-element-e1f85fe elementor-widget elementor-widget-heading\" data-id=\"e1f85fe\" data-element_type=\"widget\" data-widget_type=\"heading.default\">\n\t\t\t\t<div class=\"elementor-widget-container\">\n\t\t\t\t\t<h2 class=\"elementor-heading-title elementor-size-default\">Procedimientos Quir\u00fargicos<\/h2>\t\t\t\t<\/div>\n\t\t\t\t<\/div>\n\t\t\t\t<div class=\"elementor-element elementor-element-5aca0f4 elementor-grid-eael-col-4 elementor-grid-tablet-eael-col-2 elementor-grid-mobile-eael-col-1 elementor-widget elementor-widget-eael-post-grid\" data-id=\"5aca0f4\" data-element_type=\"widget\" data-settings=\"{&quot;eael_post_grid_columns&quot;:&quot;eael-col-4&quot;,&quot;eael_post_grid_columns_tablet&quot;:&quot;eael-col-2&quot;,&quot;eael_post_grid_columns_mobile&quot;:&quot;eael-col-1&quot;}\" data-widget_type=\"eael-post-grid.default\">\n\t\t\t\t<div class=\"elementor-widget-container\">\n\t\t\t\t\t<div id=\"eael-post-grid-5aca0f4\" class=\"eael-post-grid-container\">\n            <div class=\"eael-post-grid eael-post-appender eael-post-appender-5aca0f4 eael-post-grid-style-one\" data-layout-mode=\"grid\"><article class=\"eael-grid-post eael-post-grid-column\" data-id=\"284\">\n        <div class=\"eael-grid-post-holder\">\n            <div class=\"eael-grid-post-holder-inner\"><div class=\"eael-entry-media\"><div class=\"eael-entry-overlay fade-in\"><i class=\"fas fa-long-arrow-alt-right\" aria-hidden=\"true\"><\/i><a href=\"https:\/\/clinicasandiegocucuta.com\/SanDiego\/cirugia-de-glaucoma\/\"><\/a><\/div><div class=\"eael-entry-thumbnail eael-image-ratio\">\n                <img decoding=\"async\" width=\"300\" height=\"200\" data-src=\"https:\/\/clinicasandiegocucuta.com\/SanDiego\/wp-content\/uploads\/2022\/05\/MA1_9536-1-300x200.jpg\" class=\"attachment-medium size-medium wp-image-286 lazyload\" alt=\"\" data-srcset=\"https:\/\/clinicasandiegocucuta.com\/SanDiego\/wp-content\/uploads\/2022\/05\/MA1_9536-1-300x200.jpg 300w, https:\/\/clinicasandiegocucuta.com\/SanDiego\/wp-content\/uploads\/2022\/05\/MA1_9536-1-scaled-600x400.jpg 600w, https:\/\/clinicasandiegocucuta.com\/SanDiego\/wp-content\/uploads\/2022\/05\/MA1_9536-1-1024x683.jpg 1024w, https:\/\/clinicasandiegocucuta.com\/SanDiego\/wp-content\/uploads\/2022\/05\/MA1_9536-1-768x513.jpg 768w, https:\/\/clinicasandiegocucuta.com\/SanDiego\/wp-content\/uploads\/2022\/05\/MA1_9536-1-1536x1025.jpg 1536w, https:\/\/clinicasandiegocucuta.com\/SanDiego\/wp-content\/uploads\/2022\/05\/MA1_9536-1-2048x1367.jpg 2048w\" data-sizes=\"(max-width: 300px) 100vw, 300px\" src=\"data:image\/svg+xml;base64,PHN2ZyB3aWR0aD0iMSIgaGVpZ2h0PSIxIiB4bWxucz0iaHR0cDovL3d3dy53My5vcmcvMjAwMC9zdmciPjwvc3ZnPg==\" style=\"--smush-placeholder-width: 300px; --smush-placeholder-aspect-ratio: 300\/200;\" \/>\n            <\/div>\n        <\/div><div class=\"eael-entry-wrapper\"><header class=\"eael-entry-header\"><h1 class=\"eael-entry-title\"><a class=\"eael-grid-post-link\" href=\"https:\/\/clinicasandiegocucuta.com\/SanDiego\/cirugia-de-glaucoma\/\" title=\"Cirug\u00eda de Glaucoma\">Cirug\u00eda de Glaucoma<\/a><\/h1><\/header><div class=\"eael-entry-content\">\n                        <div class=\"eael-grid-post-excerpt\"><a href=\"https:\/\/clinicasandiegocucuta.com\/SanDiego\/cirugia-de-glaucoma\/\" class=\"eael-post-elements-readmore-btn\">Leer m\u00e1s<\/a><\/div>\n                    <\/div><\/div><\/div>\n        <\/div>\n    <\/article><article class=\"eael-grid-post eael-post-grid-column\" data-id=\"280\">\n        <div class=\"eael-grid-post-holder\">\n            <div class=\"eael-grid-post-holder-inner\"><div class=\"eael-entry-media\"><div class=\"eael-entry-overlay fade-in\"><i class=\"fas fa-long-arrow-alt-right\" aria-hidden=\"true\"><\/i><a href=\"https:\/\/clinicasandiegocucuta.com\/SanDiego\/cirugia-de-parpados\/\"><\/a><\/div><div class=\"eael-entry-thumbnail eael-image-ratio\">\n                <img decoding=\"async\" width=\"300\" height=\"200\" data-src=\"https:\/\/clinicasandiegocucuta.com\/SanDiego\/wp-content\/uploads\/2022\/05\/parapardasoo-300x200.jpg\" class=\"attachment-medium size-medium wp-image-281 lazyload\" alt=\"\" data-srcset=\"https:\/\/clinicasandiegocucuta.com\/SanDiego\/wp-content\/uploads\/2022\/05\/parapardasoo-300x200.jpg 300w, https:\/\/clinicasandiegocucuta.com\/SanDiego\/wp-content\/uploads\/2022\/05\/parapardasoo-600x400.jpg 600w, https:\/\/clinicasandiegocucuta.com\/SanDiego\/wp-content\/uploads\/2022\/05\/parapardasoo-1024x683.jpg 1024w, https:\/\/clinicasandiegocucuta.com\/SanDiego\/wp-content\/uploads\/2022\/05\/parapardasoo-768x512.jpg 768w, https:\/\/clinicasandiegocucuta.com\/SanDiego\/wp-content\/uploads\/2022\/05\/parapardasoo-1536x1025.jpg 1536w, https:\/\/clinicasandiegocucuta.com\/SanDiego\/wp-content\/uploads\/2022\/05\/parapardasoo.jpg 1800w\" data-sizes=\"(max-width: 300px) 100vw, 300px\" src=\"data:image\/svg+xml;base64,PHN2ZyB3aWR0aD0iMSIgaGVpZ2h0PSIxIiB4bWxucz0iaHR0cDovL3d3dy53My5vcmcvMjAwMC9zdmciPjwvc3ZnPg==\" style=\"--smush-placeholder-width: 300px; --smush-placeholder-aspect-ratio: 300\/200;\" \/>\n            <\/div>\n        <\/div><div class=\"eael-entry-wrapper\"><header class=\"eael-entry-header\"><h1 class=\"eael-entry-title\"><a class=\"eael-grid-post-link\" href=\"https:\/\/clinicasandiegocucuta.com\/SanDiego\/cirugia-de-parpados\/\" title=\"Cirug\u00eda de Parpados\">Cirug\u00eda de Parpados<\/a><\/h1><\/header><div class=\"eael-entry-content\">\n                        <div class=\"eael-grid-post-excerpt\"><a href=\"https:\/\/clinicasandiegocucuta.com\/SanDiego\/cirugia-de-parpados\/\" class=\"eael-post-elements-readmore-btn\">Leer m\u00e1s<\/a><\/div>\n                    <\/div><\/div><\/div>\n        <\/div>\n    <\/article><article class=\"eael-grid-post eael-post-grid-column\" data-id=\"276\">\n        <div class=\"eael-grid-post-holder\">\n            <div class=\"eael-grid-post-holder-inner\"><div class=\"eael-entry-media\"><div class=\"eael-entry-overlay fade-in\"><i class=\"fas fa-long-arrow-alt-right\" aria-hidden=\"true\"><\/i><a href=\"https:\/\/clinicasandiegocucuta.com\/SanDiego\/cirugia-de-catarata-por-facoemulsificacion\/\"><\/a><\/div><div class=\"eael-entry-thumbnail eael-image-ratio\">\n                <img decoding=\"async\" width=\"300\" height=\"215\" data-src=\"https:\/\/clinicasandiegocucuta.com\/SanDiego\/wp-content\/uploads\/2022\/05\/MISION-300x215.jpg\" class=\"attachment-medium size-medium wp-image-66 lazyload\" alt=\"\" data-srcset=\"https:\/\/clinicasandiegocucuta.com\/SanDiego\/wp-content\/uploads\/2022\/05\/MISION-300x215.jpg 300w, https:\/\/clinicasandiegocucuta.com\/SanDiego\/wp-content\/uploads\/2022\/05\/MISION-600x429.jpg 600w, https:\/\/clinicasandiegocucuta.com\/SanDiego\/wp-content\/uploads\/2022\/05\/MISION-1024x733.jpg 1024w, https:\/\/clinicasandiegocucuta.com\/SanDiego\/wp-content\/uploads\/2022\/05\/MISION-768x550.jpg 768w, https:\/\/clinicasandiegocucuta.com\/SanDiego\/wp-content\/uploads\/2022\/05\/MISION.jpg 1400w\" data-sizes=\"(max-width: 300px) 100vw, 300px\" src=\"data:image\/svg+xml;base64,PHN2ZyB3aWR0aD0iMSIgaGVpZ2h0PSIxIiB4bWxucz0iaHR0cDovL3d3dy53My5vcmcvMjAwMC9zdmciPjwvc3ZnPg==\" style=\"--smush-placeholder-width: 300px; --smush-placeholder-aspect-ratio: 300\/215;\" \/>\n            <\/div>\n        <\/div><div class=\"eael-entry-wrapper\"><header class=\"eael-entry-header\"><h1 class=\"eael-entry-title\"><a class=\"eael-grid-post-link\" href=\"https:\/\/clinicasandiegocucuta.com\/SanDiego\/cirugia-de-catarata-por-facoemulsificacion\/\" title=\"Cirug\u00eda de CATARATA por facoemulsificaci\u00f3n\">Cirug\u00eda de CATARATA por facoemulsificaci\u00f3n<\/a><\/h1><\/header><div class=\"eael-entry-content\">\n                        <div class=\"eael-grid-post-excerpt\"><a href=\"https:\/\/clinicasandiegocucuta.com\/SanDiego\/cirugia-de-catarata-por-facoemulsificacion\/\" class=\"eael-post-elements-readmore-btn\">Leer m\u00e1s<\/a><\/div>\n                    <\/div><\/div><\/div>\n        <\/div>\n    <\/article><article class=\"eael-grid-post eael-post-grid-column\" data-id=\"266\">\n        <div class=\"eael-grid-post-holder\">\n            <div class=\"eael-grid-post-holder-inner\"><div class=\"eael-entry-media\"><div class=\"eael-entry-overlay fade-in\"><i class=\"fas fa-long-arrow-alt-right\" aria-hidden=\"true\"><\/i><a href=\"https:\/\/clinicasandiegocucuta.com\/SanDiego\/trasplante-de-cornea\/\"><\/a><\/div><div class=\"eael-entry-thumbnail eael-image-ratio\">\n                <img decoding=\"async\" width=\"300\" height=\"208\" data-src=\"https:\/\/clinicasandiegocucuta.com\/SanDiego\/wp-content\/uploads\/2022\/05\/cornes-300x208.jpg\" class=\"attachment-medium size-medium wp-image-268 lazyload\" alt=\"\" data-srcset=\"https:\/\/clinicasandiegocucuta.com\/SanDiego\/wp-content\/uploads\/2022\/05\/cornes-300x208.jpg 300w, https:\/\/clinicasandiegocucuta.com\/SanDiego\/wp-content\/uploads\/2022\/05\/cornes-600x416.jpg 600w, https:\/\/clinicasandiegocucuta.com\/SanDiego\/wp-content\/uploads\/2022\/05\/cornes-1024x710.jpg 1024w, https:\/\/clinicasandiegocucuta.com\/SanDiego\/wp-content\/uploads\/2022\/05\/cornes-768x533.jpg 768w, https:\/\/clinicasandiegocucuta.com\/SanDiego\/wp-content\/uploads\/2022\/05\/cornes.jpg 1195w\" data-sizes=\"(max-width: 300px) 100vw, 300px\" src=\"data:image\/svg+xml;base64,PHN2ZyB3aWR0aD0iMSIgaGVpZ2h0PSIxIiB4bWxucz0iaHR0cDovL3d3dy53My5vcmcvMjAwMC9zdmciPjwvc3ZnPg==\" style=\"--smush-placeholder-width: 300px; --smush-placeholder-aspect-ratio: 300\/208;\" \/>\n            <\/div>\n        <\/div><div class=\"eael-entry-wrapper\"><header class=\"eael-entry-header\"><h1 class=\"eael-entry-title\"><a class=\"eael-grid-post-link\" href=\"https:\/\/clinicasandiegocucuta.com\/SanDiego\/trasplante-de-cornea\/\" title=\"Trasplante de c\u00f3rnea\">Trasplante de c\u00f3rnea<\/a><\/h1><\/header><div class=\"eael-entry-content\">\n                        <div class=\"eael-grid-post-excerpt\"><a href=\"https:\/\/clinicasandiegocucuta.com\/SanDiego\/trasplante-de-cornea\/\" class=\"eael-post-elements-readmore-btn\">Leer m\u00e1s<\/a><\/div>\n                    <\/div><\/div><\/div>\n        <\/div>\n    <\/article><\/div>\n            <div class=\"clearfix\"><\/div>\n        <\/div>\t\t\t\t<\/div>\n\t\t\t\t<\/div>\n\t\t\t\t\t<\/div>\n\t\t<\/div>\n\t\t\t\t\t<\/div>\n\t\t<\/section>\n\t\t\t\t<\/div>\n\t\t","protected":false},"excerpt":{"rendered":"<p>CIRUG\u00cdAS Nuestra cl\u00ednica San Diego de C\u00facuta cuenta con 2 quir\u00f3fanos dotados con tecnolog\u00eda de punta y las respectivas especificaciones exigidas por la normatividad nacional&hellip;<\/p>\n","protected":false},"author":1,"featured_media":0,"parent":0,"menu_order":0,"comment_status":"closed","ping_status":"closed","template":"elementor_theme","meta":{"_eb_attr":"","_uag_custom_page_level_css":"","footnotes":""},"class_list":["post-270","page","type-page","status-publish","hentry"],"uagb_featured_image_src":{"full":false,"thumbnail":false,"medium":false,"medium_large":false,"large":false,"1536x1536":false,"2048x2048":false},"uagb_author_info":{"display_name":"AdminSanDiego","author_link":"https:\/\/clinicasandiegocucuta.com\/SanDiego\/author\/adminsandiego\/"},"uagb_comment_info":0,"uagb_excerpt":"CIRUG\u00cdAS Nuestra cl\u00ednica San Diego de C\u00facuta cuenta con 2 quir\u00f3fanos dotados con tecnolog\u00eda de punta y las respectivas especificaciones exigidas por la normatividad nacional&hellip;","_links":{"self":[{"href":"https:\/\/clinicasandiegocucuta.com\/SanDiego\/wp-json\/wp\/v2\/pages\/270","targetHints":{"allow":["GET"]}}],"collection":[{"href":"https:\/\/clinicasandiegocucuta.com\/SanDiego\/wp-json\/wp\/v2\/pages"}],"about":[{"href":"https:\/\/clinicasandiegocucuta.com\/SanDiego\/wp-json\/wp\/v2\/types\/page"}],"author":[{"embeddable":true,"href":"https:\/\/clinicasandiegocucuta.com\/SanDiego\/wp-json\/wp\/v2\/users\/1"}],"replies":[{"embeddable":true,"href":"https:\/\/clinicasandiegocucuta.com\/SanDiego\/wp-json\/wp\/v2\/comments?post=270"}],"version-history":[{"count":24,"href":"https:\/\/clinicasandiegocucuta.com\/SanDiego\/wp-json\/wp\/v2\/pages\/270\/revisions"}],"predecessor-version":[{"id":1142,"href":"https:\/\/clinicasandiegocucuta.com\/SanDiego\/wp-json\/wp\/v2\/pages\/270\/revisions\/1142"}],"wp:attachment":[{"href":"https:\/\/clinicasandiegocucuta.com\/SanDiego\/wp-json\/wp\/v2\/media?parent=270"}],"curies":[{"name":"wp","href":"https:\/\/api.w.org\/{rel}","templated":true}]}}